{"id":776,"date":"2020-02-09T10:42:46","date_gmt":"2020-02-09T10:42:46","guid":{"rendered":"https:\/\/inomezspa.cl\/?page_id=776"},"modified":"2025-05-23T16:45:03","modified_gmt":"2025-05-23T16:45:03","slug":"por-que-elegirnos","status":"publish","type":"page","link":"https:\/\/metaprojectgroup.com\/en\/acerca-de\/por-que-elegirnos\/","title":{"rendered":"\u00bfPor qu\u00e9 elegirnos?"},"content":{"rendered":"<div class=\"wpb-content-wrapper\"><section style=\"\" class=\"vc_section fix-shape vc_custom_1742061842924 shape-1 vc_section-has-fill\"><div style=\"\" class=\"vc_row wpb_row vc_row-fluid\"><div class=\"row-inner\"><div class=\"wpb_column vc_column_container vc_col-sm-12\"><div class=\"vc_column-inner\"><div class=\"wpb_wrapper\"><div class=\"vc_empty_space\"   style=\"height: 30px\"><span class=\"vc_empty_space_inner\"><\/span><\/div><\/div><\/div><\/div><\/div><\/div><div style=\"\" class=\"vc_row wpb_row vc_row-fluid vc_custom_1748018699537 vc_row-o-content-middle vc_row-flex\"><div class=\"row-inner\"><div class=\"wpb_column vc_column_container vc_col-sm-6\"><div class=\"vc_column-inner\"><div class=\"wpb_wrapper\"><h2 style=\"font-size: 40px;color: #ffffff;line-height: 44px;text-align: left\" class=\"vc_custom_heading vc_do_custom_heading\" >En Metaproject Group<br \/>\nsomos m\u00e1s que un proveedor:<\/h2><div class=\"vc_empty_space\"   style=\"height: 20px\"><span class=\"vc_empty_space_inner\"><\/span><\/div><\/div><\/div><\/div><div class=\"wpb_column vc_column_container vc_col-sm-1\"><div class=\"vc_column-inner\"><div class=\"wpb_wrapper\"><\/div><\/div><\/div><div class=\"wpb_column vc_column_container vc_col-sm-4\"><div class=\"vc_column-inner\"><div class=\"wpb_wrapper\">\n\t<div class=\"wpb_text_column wpb_content_element\" >\n\t\t<div class=\"wpb_wrapper\">\n\t\t\t<p><span style=\"color: #b7b7b7;\">somos tu socio estrat\u00e9gico. Estas son las tres razones que marcan la diferencia:<\/span><\/p>\n\n\t\t<\/div>\n\t<\/div>\n<div class=\"vc_empty_space\"   style=\"height: 25px\"><span class=\"vc_empty_space_inner\"><\/span><\/div><\/div><\/div><\/div><div class=\"wpb_column vc_column_container vc_col-sm-1\"><div class=\"vc_column-inner\"><div class=\"wpb_wrapper\"><\/div><\/div><\/div><\/div><\/div><div style=\"\" class=\"vc_row wpb_row vc_row-fluid\"><div class=\"row-inner\"><div class=\"wpb_column vc_column_container vc_col-sm-12\"><div class=\"vc_column-inner\"><div class=\"wpb_wrapper\"><div  class=\"vc_wp_custommenu wpb_content_element columns-5\"><div class=\"widget widget_nav_menu\"><div class=\"menu-company-container\"><ul id=\"menu-company\" class=\"menu\"><li id=\"menu-item-365\" class=\"menu-item menu-item-type-post_type menu-item-object-page menu-item-365\"><a href=\"https:\/\/metaprojectgroup.com\/en\/acerca-de\/\">Descripci\u00f3n general<\/a><\/li>\n<li id=\"menu-item-366\" class=\"menu-item menu-item-type-post_type menu-item-object-page menu-item-366\"><a href=\"https:\/\/metaprojectgroup.com\/en\/acerca-de\/quienes-somos\/\">Quienes somos<\/a><\/li>\n<li id=\"menu-item-489\" class=\"menu-item menu-item-type-post_type menu-item-object-page menu-item-489\"><a href=\"https:\/\/metaprojectgroup.com\/en\/acerca-de\/valores-fundamentales\/\">Core values<\/a><\/li>\n<li id=\"menu-item-778\" class=\"menu-item menu-item-type-post_type menu-item-object-page menu-item-778\"><a href=\"https:\/\/metaprojectgroup.com\/en\/acerca-de\/por-que-elegirnos\/\">\u00bfPor qu\u00e9 elegirnos?<\/a><\/li>\n<\/ul><\/div><\/div><\/div><div class=\"vc_empty_space\"   style=\"height: 30px\"><span class=\"vc_empty_space_inner\"><\/span><\/div><\/div><\/div><\/div><\/div><\/div><div style=\"\" class=\"vc_row wpb_row vc_row-fluid\"><div class=\"row-inner\"><div class=\"wpb_column vc_column_container vc_col-sm-12\"><div class=\"vc_column-inner\"><div class=\"wpb_wrapper\"><!-- BEGIN: .elements-carousel -->\n<div class=\"elements-carousel\" data-config=\"{&quot;items&quot;:3,&quot;itemsTablet&quot;:[1200,2],&quot;itemsMobile&quot;:[544,1],&quot;center&quot;:false,&quot;autoPlay&quot;:false,&quot;stopOnHover&quot;:true,&quot;mouseDrag&quot;:true,&quot;touchDrag&quot;:true,&quot;responsive&quot;:true,&quot;scrollPerPage&quot;:false,&quot;slideSpeed&quot;:200,&quot;paginationSpeed&quot;:200,&quot;rewindSpeed&quot;:200,&quot;navigation&quot;:true,&quot;rewindNav&quot;:false,&quot;pagination&quot;:true,&quot;paginationNumbers&quot;:true,&quot;dragBeforeAnimFinish&quot;:true,&quot;addClassActive&quot;:true,&quot;autoHeight&quot;:true,&quot;navigationText&quot;:[&quot;Previous&quot;,&quot;Next&quot;],&quot;itemsScaleUp&quot;:true}\">\n\t<div class=\"elements-carousel-wrap\">\n\t\t<div class=\"iconbox  style2\">\n\t<div class=\"box-header\">\n\t\t<div class=\"box-icon\"><i class=\"hank-chart-bar-33\"><\/i><\/div>\n\t\t<h4 class=\"box-title\">Soluciones integrales desde la ingenier\u00eda hasta la operaci\u00f3n<\/h4>\n\t<\/div>\n\t<div class=\"box-content\">\n\t\t<p><span class=\"s18\">Integramos servicios de ingenier\u00eda multidisciplinaria, gesti\u00f3n de proyectos, <\/span><span class=\"s18\">supply<\/span> <span class=\"s18\">chain<\/span><span class=\"s18\">, inspecci\u00f3n t\u00e9cnica y BPO en una sola propuesta. Acompa\u00f1amos todo el ciclo de vida del proyecto, asegurando coherencia, eficiencia y resultados concretos.<\/span><\/p>\n\n\t\t\n\t<\/div>\n<\/div><div class=\"iconbox  style2\">\n\t<div class=\"box-header\">\n\t\t<div class=\"box-icon\"><i class=\"hank-strategy\"><\/i><\/div>\n\t\t<h4 class=\"box-title\">Compromiso con la sostenibilidad y la excelencia<\/h4>\n\t<\/div>\n\t<div class=\"box-content\">\n\t\t<p>Trabajamos con los m\u00e1s altos est\u00e1ndares t\u00e9cnicos, \u00e9ticos y medioambientales. Cumplimos normativas, cuidamos el entorno y generamos valor local, asegurando proyectos s\u00f3lidos, responsables y sostenibles. Metaproject Group. Ingenier\u00eda que transforma visi\u00f3n en resultados.<\/p>\n\n\t\t\n\t<\/div>\n<\/div><div class=\"iconbox  style2\">\n\t<div class=\"box-header\">\n\t\t<div class=\"box-icon\"><i class=\"hank-goal-65\"><\/i><\/div>\n\t\t<h4 class=\"box-title\">Innovaci\u00f3n que potencia tus proyectos<\/h4>\n\t<\/div>\n\t<div class=\"box-content\">\n\t\t<p>Desarrollamos nuestras propias plataformas tecnol\u00f3gicas para gesti\u00f3n, trazabilidad y control operativo. Esto se traduce en mayor productividad, visibilidad y toma de decisiones inteligentes en tiempo real.<\/p>\n\n\t\t\n\t<\/div>\n<\/div>\t<\/div>\n<\/div>\n<!-- END: .elements-carousel -->\n<div class=\"vc_empty_space\"   style=\"height: 80px\"><span class=\"vc_empty_space_inner\"><\/span><\/div><\/div><\/div><\/div><\/div><\/div><\/section><section style=\"\" class=\"vc_section vc_custom_1581325680569 vc_section-has-fill\"><div style=\"\" class=\"vc_row wpb_row vc_row-fluid vc_custom_1748014556717 vc_row-has-fill vc_row-o-content-middle vc_row-flex\"><div class=\"row-inner\"><div class=\"wpb_column vc_column_container vc_col-sm-5 vc_col-lg-6 vc_hidden-xs\"><div class=\"vc_column-inner\"><div class=\"wpb_wrapper\"><div class=\"vc_empty_space\"   style=\"height: 415px\"><span class=\"vc_empty_space_inner\"><\/span><\/div><\/div><\/div><\/div><div class=\"wpb_column vc_column_container vc_col-sm-7 vc_col-lg-5 vc_col-md-6 vc_col-sm-offset-0 vc_hidden-xs\"><div class=\"vc_column-inner\"><div class=\"wpb_wrapper\">\n\t<div class=\"testimonial\">\n\t\t<div class=\"testimonial-content\">\n\t\t\t<blockquote>\n\t\t\t\t<p>Los buenos proyectos provienen de buenas personas y todos los problemas se resuelven con un buen servicio.<\/p>\n\t\t\t<\/blockquote>\n\t\t<\/div>\n\t\t<div class=\"testimonial-meta\">\n\t\t\t\t\t\t<div class=\"testimonial-author\">\n\t\t\t\t<strong class=\"author-name\">Manuel Viera Flores<\/strong>\n\t\t\t\t<div class=\"author-info\"><span class=\"subtitle\">CEO Metaproject Group<\/span> <span class=\"divider\">-<\/span> <span class=\"company\">Meta project group<\/span><\/div>\n\t\t\t<\/div>\n\t\t<\/div>\n\t<\/div>\n<\/div><\/div><\/div><div class=\"wpb_column vc_column_container vc_col-sm-1 vc_hidden-md vc_hidden-sm vc_hidden-xs\"><div class=\"vc_column-inner\"><div class=\"wpb_wrapper\"><\/div><\/div><\/div><\/div><\/div><\/section><section style=\"\" class=\"vc_section\"><div style=\"\" class=\"vc_row wpb_row vc_row-fluid vc_custom_1581224264919\"><div class=\"row-inner\"><div class=\"wpb_column vc_column_container vc_col-sm-12\"><div class=\"vc_column-inner\"><div class=\"wpb_wrapper\"><p style=\"font-size: 24px;line-height: 30px;text-align: left\" class=\"vc_custom_heading vc_do_custom_heading\" >We offer services to the most important clients in the industry.<\/p><div class=\"vc_empty_space\"   style=\"height: 50px\"><span class=\"vc_empty_space_inner\"><\/span><\/div><ul class=\"iconlist iconlist iconlist-icon-xlarge\"><li ><div class=\"iconlist-item-icon\"><img decoding=\"async\" src=\"https:\/\/metaprojectgroup.com\/wp-content\/uploads\/2025\/05\/anglo-american-logo.webp\" alt=\"anglo-american-logo\" \/><\/div><div class=\"iconlist-item-content\"><\/div><\/li><li ><div class=\"iconlist-item-icon\"><img decoding=\"async\" src=\"https:\/\/metaprojectgroup.com\/wp-content\/uploads\/2025\/05\/coldelco-.webp\" alt=\"coldelco-\" \/><\/div><div class=\"iconlist-item-content\"><\/div><\/li><li ><div class=\"iconlist-item-icon\"><img decoding=\"async\" src=\"https:\/\/metaprojectgroup.com\/wp-content\/uploads\/2025\/05\/fesur.webp\" alt=\"fesur\" \/><\/div><div class=\"iconlist-item-content\"><\/div><\/li><li ><div class=\"iconlist-item-icon\"><img decoding=\"async\" src=\"https:\/\/metaprojectgroup.com\/wp-content\/uploads\/2025\/05\/mop.webp\" alt=\"mop\" \/><\/div><div class=\"iconlist-item-content\"><\/div><\/li><li ><div class=\"iconlist-item-icon\"><img decoding=\"async\" src=\"https:\/\/metaprojectgroup.com\/wp-content\/uploads\/2025\/05\/teck.webp\" alt=\"teck\" \/><\/div><div class=\"iconlist-item-content\"><\/div><\/li><li ><div class=\"iconlist-item-icon\"><img decoding=\"async\" src=\"https:\/\/metaprojectgroup.com\/wp-content\/uploads\/2025\/05\/logo-collahuasi.webp\" alt=\"logo-collahuasi\" \/><\/div><div class=\"iconlist-item-content\"><\/div><\/li><li ><div class=\"iconlist-item-icon\"><img decoding=\"async\" src=\"https:\/\/metaprojectgroup.com\/wp-content\/uploads\/2025\/05\/minera-escondida-logo.webp\" alt=\"minera-escondida-logo\" \/><\/div><div class=\"iconlist-item-content\"><\/div><\/li><li ><div class=\"iconlist-item-icon\"><img decoding=\"async\" src=\"https:\/\/metaprojectgroup.com\/wp-content\/uploads\/2025\/05\/antofagasta-minerals-logo.webp\" alt=\"antofagasta-minerals-logo\" \/><\/div><div class=\"iconlist-item-content\"><\/div><\/li><li ><div class=\"iconlist-item-icon\"><img decoding=\"async\" src=\"https:\/\/metaprojectgroup.com\/wp-content\/uploads\/2025\/05\/sqm-logo.webp\" alt=\"sqm-logo\" \/><\/div><div class=\"iconlist-item-content\"><\/div><\/li><li ><div class=\"iconlist-item-icon\"><img decoding=\"async\" src=\"https:\/\/metaprojectgroup.com\/wp-content\/uploads\/2025\/05\/enami-logo.webp\" alt=\"enami-logo\" \/><\/div><div class=\"iconlist-item-content\"><\/div><\/li><li ><div class=\"iconlist-item-icon\"><img decoding=\"async\" src=\"https:\/\/metaprojectgroup.com\/wp-content\/uploads\/2025\/05\/barrick-logo.webp\" alt=\"barrick-logo\" \/><\/div><div class=\"iconlist-item-content\"><\/div><\/li><\/ul><\/div><\/div><\/div><\/div><\/div><\/section>\n<\/div>","protected":false},"excerpt":{"rendered":"En Metaproject Group somos m\u00e1s que un proveedor: somos tu socio estrat\u00e9gico. Estas son las tres razones que marcan la diferencia: Descripci\u00f3n general Quienes somos Valores fundamentales \u00bfPor qu\u00e9 elegirnos? Soluciones integrales desde la ingenier\u00eda hasta la operaci\u00f3n Integramos servicios de ingenier\u00eda multidisciplinaria, gesti\u00f3n de proyectos, supply chain, inspecci\u00f3n t\u00e9cnica y BPO en una sola [...]","protected":false},"author":1,"featured_media":0,"parent":142,"menu_order":0,"comment_status":"closed","ping_status":"closed","template":"tmpl\/template-fullwidth.php","meta":{"_acf_changed":false,"inline_featured_image":false,"_joinchat":[],"footnotes":""},"class_list":["post-776","page","type-page","status-publish","hentry"],"acf":[],"_links":{"self":[{"href":"https:\/\/metaprojectgroup.com\/en\/wp-json\/wp\/v2\/pages\/776","targetHints":{"allow":["GET"]}}],"collection":[{"href":"https:\/\/metaprojectgroup.com\/en\/wp-json\/wp\/v2\/pages"}],"about":[{"href":"https:\/\/metaprojectgroup.com\/en\/wp-json\/wp\/v2\/types\/page"}],"author":[{"embeddable":true,"href":"https:\/\/metaprojectgroup.com\/en\/wp-json\/wp\/v2\/users\/1"}],"replies":[{"embeddable":true,"href":"https:\/\/metaprojectgroup.com\/en\/wp-json\/wp\/v2\/comments?post=776"}],"version-history":[{"count":34,"href":"https:\/\/metaprojectgroup.com\/en\/wp-json\/wp\/v2\/pages\/776\/revisions"}],"predecessor-version":[{"id":2509,"href":"https:\/\/metaprojectgroup.com\/en\/wp-json\/wp\/v2\/pages\/776\/revisions\/2509"}],"up":[{"embeddable":true,"href":"https:\/\/metaprojectgroup.com\/en\/wp-json\/wp\/v2\/pages\/142"}],"wp:attachment":[{"href":"https:\/\/metaprojectgroup.com\/en\/wp-json\/wp\/v2\/media?parent=776"}],"curies":[{"name":"wp","href":"https:\/\/api.w.org\/{rel}","templated":true}]}}