{"id":486,"date":"2019-12-16T02:22:00","date_gmt":"2019-12-16T02:22:00","guid":{"rendered":"https:\/\/inomezspa.cl\/?page_id=486"},"modified":"2025-05-26T16:12:20","modified_gmt":"2025-05-26T16:12:20","slug":"valores-fundamentales","status":"publish","type":"page","link":"https:\/\/metaprojectgroup.com\/en\/acerca-de\/valores-fundamentales\/","title":{"rendered":"Core values"},"content":{"rendered":"<div class=\"wpb-content-wrapper\"><section style=\"\" class=\"vc_section vc_custom_1747232094119 vc_section-has-fill\"><div style=\"\" class=\"vc_row wpb_row vc_row-fluid\"><div class=\"row-inner\"><div class=\"wpb_column vc_column_container vc_col-sm-12\"><div class=\"vc_column-inner\"><div class=\"wpb_wrapper\"><div class=\"vc_empty_space\"   style=\"height: 30px\"><span class=\"vc_empty_space_inner\"><\/span><\/div><\/div><\/div><\/div><\/div><\/div><div style=\"\" class=\"vc_row wpb_row vc_row-fluid vc_custom_1575014741811 vc_row-o-content-bottom vc_row-flex\"><div class=\"row-inner\"><div class=\"wpb_column vc_column_container vc_col-sm-6\"><div class=\"vc_column-inner\"><div class=\"wpb_wrapper\"><div style=\"font-size: 40px;color: #ffffff;line-height: 44px;text-align: left\" class=\"vc_custom_heading vc_do_custom_heading\" >Tenemos una misi\u00f3n: ser<br \/>\nla <strong>mejor empresa de revestimiento de CL.<\/strong><\/div><div class=\"vc_empty_space\"   style=\"height: 20px\"><span class=\"vc_empty_space_inner\"><\/span><\/div><\/div><\/div><\/div><div class=\"wpb_column vc_column_container vc_col-sm-1\"><div class=\"vc_column-inner\"><div class=\"wpb_wrapper\"><\/div><\/div><\/div><div class=\"wpb_column vc_column_container vc_col-sm-4\"><div class=\"vc_column-inner\"><div class=\"wpb_wrapper\">\n\t<div class=\"wpb_text_column wpb_content_element\" >\n\t\t<div class=\"wpb_wrapper\">\n\t\t\t<p><span style=\"color: #000000;\">Es un deseo ardiente y constante ayudar a nuestros clientes a maximizar sus resultados y superar sus objetivos estrat\u00e9gicos. Si bien nuestro objetivo es un poco ambicioso, nuestros valores son lo que nos impulsa todos los d\u00edas.<\/span><\/p>\n\n\t\t<\/div>\n\t<\/div>\n<div class=\"vc_empty_space\"   style=\"height: 25px\"><span class=\"vc_empty_space_inner\"><\/span><\/div><\/div><\/div><\/div><div class=\"wpb_column vc_column_container vc_col-sm-1\"><div class=\"vc_column-inner\"><div class=\"wpb_wrapper\"><\/div><\/div><\/div><\/div><\/div><div style=\"\" class=\"vc_row wpb_row vc_row-fluid\"><div class=\"row-inner\"><div class=\"wpb_column vc_column_container vc_col-sm-12\"><div class=\"vc_column-inner\"><div class=\"wpb_wrapper\"><div  class=\"vc_wp_custommenu wpb_content_element columns-5\"><div class=\"widget widget_nav_menu\"><div class=\"menu-company-container\"><ul id=\"menu-company\" class=\"menu\"><li id=\"menu-item-365\" class=\"menu-item menu-item-type-post_type menu-item-object-page menu-item-365\"><a href=\"https:\/\/metaprojectgroup.com\/en\/acerca-de\/\">Descripci\u00f3n general<\/a><\/li>\n<li id=\"menu-item-366\" class=\"menu-item menu-item-type-post_type menu-item-object-page menu-item-366\"><a href=\"https:\/\/metaprojectgroup.com\/en\/acerca-de\/quienes-somos\/\">Quienes somos<\/a><\/li>\n<li id=\"menu-item-489\" class=\"menu-item menu-item-type-post_type menu-item-object-page menu-item-489\"><a href=\"https:\/\/metaprojectgroup.com\/en\/acerca-de\/valores-fundamentales\/\">Core values<\/a><\/li>\n<li id=\"menu-item-778\" class=\"menu-item menu-item-type-post_type menu-item-object-page menu-item-778\"><a href=\"https:\/\/metaprojectgroup.com\/en\/acerca-de\/por-que-elegirnos\/\">\u00bfPor qu\u00e9 elegirnos?<\/a><\/li>\n<\/ul><\/div><\/div><\/div><div class=\"vc_empty_space\"   style=\"height: 30px\"><span class=\"vc_empty_space_inner\"><\/span><\/div><\/div><\/div><\/div><\/div><\/div><\/section><section style=\"\" class=\"vc_section vc_custom_1581397630788\"><div style=\"\" class=\"vc_row wpb_row vc_row-fluid\"><div class=\"row-inner\"><div class=\"wpb_column vc_column_container vc_col-sm-12\"><div class=\"vc_column-inner\"><div class=\"wpb_wrapper\"><h2 style=\"font-size: 64px;line-height: 64px;text-align: center\" class=\"vc_custom_heading vc_do_custom_heading\" ><strong>nuestro prop\u00f3sito principal<\/strong><\/h2><div class=\"vc_empty_space\"   style=\"height: 15px\"><span class=\"vc_empty_space_inner\"><\/span><\/div><p style=\"font-size: 21px;line-height: 26px;text-align: center\" class=\"vc_custom_heading vc_do_custom_heading\" >Marcar la diferencia en la vida de nuestros clientes, empleados y comunidad.<\/p><div class=\"vc_empty_space\"   style=\"height: 70px\"><span class=\"vc_empty_space_inner\"><\/span><\/div><\/div><\/div><\/div><\/div><\/div><div style=\"\" class=\"vc_row wpb_row vc_row-fluid vc_column-gap-35\"><div class=\"row-inner\"><div class=\"wpb_column vc_column_container vc_col-sm-6\"><div class=\"vc_column-inner\"><div class=\"wpb_wrapper\">\n\t<div  class=\"wpb_single_image wpb_content_element vc_align_left wpb_content_element\">\n\t\t\n\t\t<figure class=\"wpb_wrapper vc_figure\">\n\t\t\t<div class=\"vc_single_image-wrapper   vc_box_border_grey\"><img fetchpriority=\"high\" decoding=\"async\" width=\"2560\" height=\"1019\" src=\"https:\/\/metaprojectgroup.com\/wp-content\/uploads\/2025\/05\/nuestra-mision-metaproject.jpg\" class=\"vc_single_image-img attachment-full\" alt=\"\" title=\"nuestra-mision-metaproject\" srcset=\"https:\/\/metaprojectgroup.com\/wp-content\/uploads\/2025\/05\/nuestra-mision-metaproject.jpg 2560w, https:\/\/metaprojectgroup.com\/wp-content\/uploads\/2025\/05\/nuestra-mision-metaproject-300x119.jpg 300w, https:\/\/metaprojectgroup.com\/wp-content\/uploads\/2025\/05\/nuestra-mision-metaproject-1024x408.jpg 1024w, https:\/\/metaprojectgroup.com\/wp-content\/uploads\/2025\/05\/nuestra-mision-metaproject-768x306.jpg 768w, https:\/\/metaprojectgroup.com\/wp-content\/uploads\/2025\/05\/nuestra-mision-metaproject-1536x611.jpg 1536w, https:\/\/metaprojectgroup.com\/wp-content\/uploads\/2025\/05\/nuestra-mision-metaproject-2048x815.jpg 2048w\" sizes=\"(max-width: 2560px) 100vw, 2560px\" \/><\/div>\n\t\t<\/figure>\n\t<\/div>\n<div class=\"vc_empty_space\"   style=\"height: 30px\"><span class=\"vc_empty_space_inner\"><\/span><\/div><h2 style=\"font-size: 48px;line-height: 48px;text-align: left\" class=\"vc_custom_heading vc_do_custom_heading\" ><strong>Our Mission<\/strong><\/h2><div class=\"vc_empty_space\"   style=\"height: 15px\"><span class=\"vc_empty_space_inner\"><\/span><\/div>\n\t<div class=\"wpb_text_column wpb_content_element\" >\n\t\t<div class=\"wpb_wrapper\">\n\t\t\t<p><strong>Tenemos un objetivo: Ser una empresa l\u00edder en el sector de revestimientos y soluciones industriales en Chile,<\/strong><span style=\"color: #7f7f7f;\"> reconocida por su compromiso con la calidad, la innovaci\u00f3n y la rapidez en la ejecuci\u00f3n de proyectos. Aspiramos a crecer sostenidamente en el mediano plazo, consolid\u00e1ndonos como un socio estrat\u00e9gico confiable para industrias, constructoras y empresas en todo el pa\u00eds.<\/span><\/p>\n\n\t\t<\/div>\n\t<\/div>\n<div class=\"vc_empty_space\"   style=\"height: 60px\"><span class=\"vc_empty_space_inner\"><\/span><\/div><\/div><\/div><\/div><div class=\"wpb_column vc_column_container vc_col-sm-6\"><div class=\"vc_column-inner\"><div class=\"wpb_wrapper\">\n\t<div  class=\"wpb_single_image wpb_content_element vc_align_left wpb_content_element\">\n\t\t\n\t\t<figure class=\"wpb_wrapper vc_figure\">\n\t\t\t<div class=\"vc_single_image-wrapper   vc_box_border_grey\"><img decoding=\"async\" width=\"2560\" height=\"1019\" src=\"https:\/\/metaprojectgroup.com\/wp-content\/uploads\/2025\/05\/nuestra-vision-metaproject.jpg\" class=\"vc_single_image-img attachment-full\" alt=\"\" title=\"nuestra-vision-metaproject\" srcset=\"https:\/\/metaprojectgroup.com\/wp-content\/uploads\/2025\/05\/nuestra-vision-metaproject.jpg 2560w, https:\/\/metaprojectgroup.com\/wp-content\/uploads\/2025\/05\/nuestra-vision-metaproject-300x119.jpg 300w, https:\/\/metaprojectgroup.com\/wp-content\/uploads\/2025\/05\/nuestra-vision-metaproject-1024x408.jpg 1024w, https:\/\/metaprojectgroup.com\/wp-content\/uploads\/2025\/05\/nuestra-vision-metaproject-768x306.jpg 768w, https:\/\/metaprojectgroup.com\/wp-content\/uploads\/2025\/05\/nuestra-vision-metaproject-1536x611.jpg 1536w, https:\/\/metaprojectgroup.com\/wp-content\/uploads\/2025\/05\/nuestra-vision-metaproject-2048x815.jpg 2048w\" sizes=\"(max-width: 2560px) 100vw, 2560px\" \/><\/div>\n\t\t<\/figure>\n\t<\/div>\n<div class=\"vc_empty_space\"   style=\"height: 30px\"><span class=\"vc_empty_space_inner\"><\/span><\/div><h2 style=\"font-size: 48px;line-height: 48px;text-align: left\" class=\"vc_custom_heading vc_do_custom_heading\" ><strong>Our Vision<\/strong><\/h2><div class=\"vc_empty_space\"   style=\"height: 15px\"><span class=\"vc_empty_space_inner\"><\/span><\/div>\n\t<div class=\"wpb_text_column wpb_content_element\" >\n\t\t<div class=\"wpb_wrapper\">\n\t\t\t<p><strong>Proveer servicios especializados en revestimientos de pisos, instalaci\u00f3n de canaletas y soluciones industriales con un enfoque en la calidad, la puntualidad y la satisfacci\u00f3n del cliente.<\/strong><span style=\"color: #7f7f7f;\">Nos esforzamos por entender las necesidades espec\u00edficas de cada proyecto, ofreciendo soluciones personalizadas que garanticen funcionalidad, durabilidad y un alto est\u00e1ndar de desempe\u00f1o.<br \/>\n<\/span><\/p>\n\n\t\t<\/div>\n\t<\/div>\n<div class=\"vc_empty_space\"   style=\"height: 60px\"><span class=\"vc_empty_space_inner\"><\/span><\/div><\/div><\/div><\/div><\/div><\/div><div style=\"\" class=\"vc_row wpb_row vc_row-fluid\"><div class=\"row-inner\"><div class=\"wpb_column vc_column_container vc_col-sm-12\"><div class=\"vc_column-inner\"><div class=\"wpb_wrapper\"><div class=\"vc_separator wpb_content_element vc_separator_align_center vc_sep_width_100 vc_sep_pos_align_center vc_separator_no_text vc_sep_color_grey wpb_content_element  wpb_content_element\" ><span class=\"vc_sep_holder vc_sep_holder_l\"><span class=\"vc_sep_line\"><\/span><\/span><span class=\"vc_sep_holder vc_sep_holder_r\"><span class=\"vc_sep_line\"><\/span><\/span>\n<\/div><\/div><\/div><\/div><\/div><\/div><\/section><section style=\"\" class=\"vc_section vc_custom_1576828842517\"><div style=\"\" class=\"vc_row wpb_row vc_row-fluid\"><div class=\"row-inner\"><div class=\"wpb_column vc_column_container vc_col-sm-12\"><div class=\"vc_column-inner\"><div class=\"wpb_wrapper\"><ul class=\"iconlist iconlist iconlist-icon-large columns-3\"><li ><div class=\"iconlist-item-icon\"><i class=\"hank-single-03\"><\/i><\/div><div class=\"iconlist-item-content\">\n<h3>Clients<\/h3>\n<p><span style=\"color: #7f7f7f\">Ofrecemos servicios de gesti\u00f3n de la construcci\u00f3n atentos y detallados. Utilizamos nuestra amplia experiencia en la industria y la tecnolog\u00eda actual para atender a nuestros clientes sin dejar de ser sensibles a un entorno en constante cambio.<\/span><\/div><\/li><li ><div class=\"iconlist-item-icon\"><i class=\"hank-privacy-policy\"><\/i><\/div><div class=\"iconlist-item-content\">\n<h3>Employees<\/h3>\n<p><span style=\"color: #7f7f7f\">A nuestros dedicados empleados les ofrecemos un entorno de trabajo abierto que promete fomentar la creatividad, la tolerancia, el desarrollo profesional, la seguridad y un ambiente familiar. Nos esforzamos por incorporar la diversidad al lugar de trabajo.<\/span><\/div><\/li><li ><div class=\"iconlist-item-icon\"><i class=\"hank-new-construction\"><\/i><\/div><div class=\"iconlist-item-content\">\n<h3>Community<\/h3>\n<p><span style=\"color: #7f7f7f\">Con nuestra comunidad tenemos un fuerte compromiso de brindar oportunidades a los residentes locales y a las empresas propiedad de mujeres en la comunidad para que trabajen con nosotros como empleados o subcontratistas y contribuyan a nuestro \u00e9xito colectivo.<\/span><\/div><\/li><\/ul><\/div><\/div><\/div><\/div><\/div><\/section><section style=\"\" class=\"vc_section bg-accent vc_custom_1581397513865\"><div style=\"\" class=\"vc_row wpb_row vc_row-fluid\"><div class=\"row-inner\"><div class=\"wpb_column vc_column_container vc_col-sm-12\"><div class=\"vc_column-inner\"><div class=\"wpb_wrapper\"><h2 style=\"font-size: 64px;color: #ffffff;line-height: 64px;text-align: center\" class=\"vc_custom_heading vc_do_custom_heading\" ><strong>Our core values<\/strong><\/h2><div class=\"vc_empty_space\"   style=\"height: 15px\"><span class=\"vc_empty_space_inner\"><\/span><\/div><p style=\"font-size: 21px;color: #b7b7b7;line-height: 26px;text-align: center\" class=\"vc_custom_heading vc_do_custom_heading\" >Son la base sobre la que se construy\u00f3 Inomezspa.<\/p><div class=\"vc_empty_space\"   style=\"height: 70px\"><span class=\"vc_empty_space_inner\"><\/span><\/div><\/div><\/div><\/div><\/div><\/div><div style=\"\" class=\"vc_row wpb_row vc_row-fluid\"><div class=\"row-inner\"><div class=\"wpb_column vc_column_container vc_col-sm-12\"><div class=\"vc_column-inner\"><div class=\"wpb_wrapper\"><ul class=\"iconlist iconlist iconlist-icon-small columns-3\"><li ><div class=\"iconlist-item-icon\"><i class=\"hank-d-check\"><\/i><\/div><div class=\"iconlist-item-content\">\n<h3>Teamwork<\/h3>\n<p><span style=\"color: #999\">We recognize that our greatest asset is our people. We work with our clients as one team. Mutual respect is the foundation of our success.<\/span><\/div><\/li><li ><div class=\"iconlist-item-icon\"><i class=\"hank-d-check\"><\/i><\/div><div class=\"iconlist-item-content\">\n<h3>integridad.<\/h3>\n<p><span style=\"color: #999\">Nos regimos por el principio b\u00edblico de que nuestro \u201cs\u00ed es s\u00ed\u201d y nuestro \u201cno es no\u201d. Cuando hacemos un compromiso o un acuerdo, siempre lo cumplimos.<\/span><\/div><\/li><li ><div class=\"iconlist-item-icon\"><i class=\"hank-d-check\"><\/i><\/div><div class=\"iconlist-item-content\">\n<h3>excelencia.<\/h3>\n<p><span style=\"color: #999\">Ejecutar h\u00e1bilmente nuestro trabajo, utilizando la innovaci\u00f3n y el ingenio, para que podamos ofrecer un producto terminado de alta calidad y un excelente servicio al cliente.<\/span><\/div><\/li><li ><div class=\"iconlist-item-icon\"><i class=\"hank-d-check\"><\/i><\/div><div class=\"iconlist-item-content\">\n<h3>seguridad.<\/h3>\n<p><span style=\"color: #999\">En Inomezspa Revestimientos, nos dedicamos a mantener un ambiente de trabajo seguro para nuestros empleados, nuestros subcontratistas, nuestros clientes y el p\u00fablico en general.<\/span><\/div><\/li><li ><div class=\"iconlist-item-icon\"><i class=\"hank-d-check\"><\/i><\/div><div class=\"iconlist-item-content\">\n<h3>innovaci\u00f3n.<\/h3>\n<p><span style=\"color: #999\">Fomentamos una cultura que acepta la necesidad de cambio. Fomentamos y apoyamos la innovaci\u00f3n y la creatividad individual en la resoluci\u00f3n de problemas, afrontando siempre los desaf\u00edos.<\/span><\/div><\/li><li ><div class=\"iconlist-item-icon\"><i class=\"hank-d-check\"><\/i><\/div><div class=\"iconlist-item-content\">\n<h3>comunicaci\u00f3n.<\/h3>\n<p><span style=\"color: #999\">Nos tomamos el tiempo para escuchar. La comunicaci\u00f3n abierta, honesta y proactiva con clientes, socios y empleados es esencial para nuestra forma de operar.<\/span><\/div><\/li><\/ul><\/div><\/div><\/div><\/div><\/div><\/section><section style=\"\" class=\"vc_section vc_custom_1740379271506 vc_section-has-fill\"><div style=\"\" class=\"vc_row wpb_row vc_row-fluid vc_custom_1747329035244 vc_row-has-fill vc_row-o-content-middle vc_row-flex\"><div class=\"row-inner\"><div class=\"wpb_column vc_column_container vc_col-sm-5 vc_col-lg-6 vc_hidden-xs\"><div class=\"vc_column-inner\"><div class=\"wpb_wrapper\"><div class=\"vc_empty_space\"   style=\"height: 350px\"><span class=\"vc_empty_space_inner\"><\/span><\/div><\/div><\/div><\/div><div class=\"wpb_column vc_column_container vc_col-sm-7 vc_col-lg-5 vc_col-md-6 vc_hidden-xs\"><div class=\"vc_column-inner\"><div class=\"wpb_wrapper\">\n\t<div class=\"testimonial\">\n\t\t<div class=\"testimonial-content\">\n\t\t\t<blockquote>\n\t\t\t\t<p>Good projects come from good people, and all problems are solved with a strong team.<\/p>\n\t\t\t<\/blockquote>\n\t\t<\/div>\n\t\t<div class=\"testimonial-meta\">\n\t\t\t\t\t\t<div class=\"testimonial-author\">\n\t\t\t\t<strong class=\"author-name\">Manuel Viera Flores<\/strong>\n\t\t\t\t<div class=\"author-info\"><span class=\"subtitle\">CEO Metaproject Group<\/span> <span class=\"divider\">-<\/span> <span class=\"company\">Metaproject Group<\/span><\/div>\n\t\t\t<\/div>\n\t\t<\/div>\n\t<\/div>\n<\/div><\/div><\/div><div class=\"wpb_column vc_column_container vc_col-sm-1\"><div class=\"vc_column-inner\"><div class=\"wpb_wrapper\"><\/div><\/div><\/div><\/div><\/div><div style=\"\" class=\"vc_row wpb_row vc_row-fluid vc_custom_1578887573623\"><div class=\"row-inner\"><div class=\"wpb_column vc_column_container vc_col-sm-12\"><div class=\"vc_column-inner\"><div class=\"wpb_wrapper\">\n\t<div class=\"wpb_text_column wpb_content_element\" >\n\t\t<div class=\"wpb_wrapper\">\n\t\t\t<p style=\"text-align: left;\"><strong class=\"badge\">Personas<\/strong> Unidos por un objetivo com\u00fan y la pasi\u00f3n por las personas, nuestro equipo de proyecto es insuperable..<\/p>\n\n\t\t<\/div>\n\t<\/div>\n<\/div><\/div><\/div><\/div><\/div><\/section>\n<\/div>","protected":false},"excerpt":{"rendered":"Tenemos una misi\u00f3n: ser la mejor empresa de revestimiento de CL. Es un deseo ardiente y constante ayudar a nuestros clientes a maximizar sus resultados y superar sus objetivos estrat\u00e9gicos. Si bien nuestro objetivo es un poco ambicioso, nuestros valores son lo que nos impulsa todos los d\u00edas. Descripci\u00f3n general Quienes somos Valores fundamentales \u00bfPor [...]","protected":false},"author":1,"featured_media":0,"parent":142,"menu_order":0,"comment_status":"closed","ping_status":"closed","template":"tmpl\/template-fullwidth.php","meta":{"_acf_changed":false,"inline_featured_image":false,"_joinchat":[],"footnotes":""},"class_list":["post-486","page","type-page","status-publish","hentry"],"acf":[],"_links":{"self":[{"href":"https:\/\/metaprojectgroup.com\/en\/wp-json\/wp\/v2\/pages\/486","targetHints":{"allow":["GET"]}}],"collection":[{"href":"https:\/\/metaprojectgroup.com\/en\/wp-json\/wp\/v2\/pages"}],"about":[{"href":"https:\/\/metaprojectgroup.com\/en\/wp-json\/wp\/v2\/types\/page"}],"author":[{"embeddable":true,"href":"https:\/\/metaprojectgroup.com\/en\/wp-json\/wp\/v2\/users\/1"}],"replies":[{"embeddable":true,"href":"https:\/\/metaprojectgroup.com\/en\/wp-json\/wp\/v2\/comments?post=486"}],"version-history":[{"count":34,"href":"https:\/\/metaprojectgroup.com\/en\/wp-json\/wp\/v2\/pages\/486\/revisions"}],"predecessor-version":[{"id":2582,"href":"https:\/\/metaprojectgroup.com\/en\/wp-json\/wp\/v2\/pages\/486\/revisions\/2582"}],"up":[{"embeddable":true,"href":"https:\/\/metaprojectgroup.com\/en\/wp-json\/wp\/v2\/pages\/142"}],"wp:attachment":[{"href":"https:\/\/metaprojectgroup.com\/en\/wp-json\/wp\/v2\/media?parent=486"}],"curies":[{"name":"wp","href":"https:\/\/api.w.org\/{rel}","templated":true}]}}