{"id":4773,"date":"2025-11-03T21:32:22","date_gmt":"2025-11-03T21:32:22","guid":{"rendered":"https:\/\/metaprojectgroup.com\/?page_id=4773"},"modified":"2026-02-18T19:28:48","modified_gmt":"2026-02-18T19:28:48","slug":"denuncia-ley-ley-21-643","status":"publish","type":"page","link":"https:\/\/metaprojectgroup.com\/en\/denuncia-ley-ley-21-643\/","title":{"rendered":"Denuncia Ley 21.643"},"content":{"rendered":"<div class=\"wpb-content-wrapper\"><section style=\"\" class=\"vc_section vc_custom_1757434934411 vc_section-has-fill\"><div style=\"\" class=\"vc_row wpb_row vc_row-fluid\"><div class=\"row-inner\"><div class=\"wpb_column vc_column_container vc_col-sm-12\"><div class=\"vc_column-inner\"><div class=\"wpb_wrapper\"><div class=\"vc_empty_space\"   style=\"height: 40px\"><span class=\"vc_empty_space_inner\"><\/span><\/div><\/div><\/div><\/div><\/div><\/div><div style=\"\" class=\"vc_row wpb_row vc_row-fluid vc_custom_1748459841407 vc_row-o-content-middle vc_row-flex\"><div class=\"row-inner\"><div class=\"wpb_animate_when_almost_visible wpb_fadeInLeft fadeInLeft wpb_column vc_column_container vc_col-sm-6\"><div class=\"vc_column-inner\"><div class=\"wpb_wrapper\"><div style=\"font-size: 40px;color: #ffffff;line-height: 44px;text-align: left\" class=\"vc_custom_heading vc_do_custom_heading\" >Buz\u00f3n de denuncia por acoso laboral, sexual o violencia en el trabajo<br \/>\n<strong>- Ley 21.643<\/strong><\/div><div class=\"vc_empty_space\"   style=\"height: 40px\"><span class=\"vc_empty_space_inner\"><\/span><\/div><\/div><\/div><\/div><div class=\"wpb_column vc_column_container vc_col-sm-1\"><div class=\"vc_column-inner\"><div class=\"wpb_wrapper\"><\/div><\/div><\/div><div class=\"wpb_animate_when_almost_visible wpb_fadeInRight fadeInRight wpb_column vc_column_container vc_col-sm-4\"><div class=\"vc_column-inner\"><div class=\"wpb_wrapper\"><div style=\"font-size: 20px;color: #ffffff;line-height: 24px;text-align: right\" class=\"vc_custom_heading vc_do_custom_heading\" >Los formularios estan dirigidos a:<br \/>\n<strong>denuncias@metaprojectgroup.com<\/strong><\/div><div class=\"vc_empty_space\"   style=\"height: 40px\"><span class=\"vc_empty_space_inner\"><\/span><\/div><\/div><\/div><\/div><div class=\"wpb_column vc_column_container vc_col-sm-1\"><div class=\"vc_column-inner\"><div class=\"wpb_wrapper\"><\/div><\/div><\/div><\/div><\/div><\/section><section style=\"\" class=\"vc_section vc_section-o-content-bottom vc_section-flex\"><div style=\"\" class=\"vc_row wpb_row vc_row-fluid vc_row-o-content-bottom vc_row-flex\"><div class=\"row-inner\"><div class=\"wpb_column vc_column_container vc_col-sm-2\"><div class=\"vc_column-inner\"><div class=\"wpb_wrapper\"><div class=\"vc_icon_element vc_icon_element-outer vc_do_icon vc_icon_element-align-center vc_icon_element-have-style\"><div class=\"vc_icon_element-inner vc_icon_element-color-custom vc_icon_element-have-style-inner vc_icon_element-size-xl vc_icon_element-style-rounded-outline vc_icon_element-outline vc_icon_element-background-color-white\" ><span class=\"vc_icon_element-icon fas fa-exclamation-circle\" style=\"color:#dd3333 !important\"><\/span><\/div><\/div><\/div><\/div><\/div><div class=\"wpb_column vc_column_container vc_col-sm-10\"><div class=\"vc_column-inner\"><div class=\"wpb_wrapper\">\n\t<div class=\"wpb_text_column wpb_content_element\" >\n\t\t<div class=\"wpb_wrapper\">\n\t\t\t<h3>\u00bfCu\u00e1l es la <strong data-start=\"70\" data-end=\"87\">Ley N\u00b0\u00a021.643<\/strong>\u00a0?<\/h3>\n<article class=\"text-token-text-primary w-full focus:outline-none &#091;--shadow-height:45px&#093; has-data-writing-block:pointer-events-none has-data-writing-block:-mt-(--shadow-height) has-data-writing-block:pt-(--shadow-height) &#091;&amp;:has(&#091;data-writing-block&#093;)&gt;*&#093;:pointer-events-auto &#091;content-visibility:auto&#093; supports-&#091;content-visibility:auto&#093;:&#091;contain-intrinsic-size:auto_100lvh&#093; scroll-mt-&#091;calc(var(--header-height)+min(200px,max(70px,20svh)))&#093;\" dir=\"auto\" tabindex=\"-1\" data-turn-id=\"request-WEB:819fea8f-14b4-46b4-9c72-3f38e4b29a4f-3\" data-testid=\"conversation-turn-8\" data-scroll-anchor=\"true\" data-turn=\"assistant\">\n<div class=\"text-base my-auto mx-auto pb-10 &#091;--thread-content-margin:--spacing(4)&#093; thread-sm:&#091;--thread-content-margin:--spacing(6)&#093; thread-lg:&#091;--thread-content-margin:--spacing(16)&#093; px-(--thread-content-margin)\">\n<div class=\"&#091;--thread-content-max-width:40rem&#093; thread-lg:&#091;--thread-content-max-width:48rem&#093; mx-auto max-w-(--thread-content-max-width) flex-1 group\/turn-messages focus-visible:outline-hidden relative flex w-full min-w-0 flex-col agent-turn\" tabindex=\"-1\">\n<div class=\"flex max-w-full flex-col grow\">\n<div class=\"min-h-8 text-message relative flex w-full flex-col items-end gap-2 text-start break-words whitespace-normal &#091;.text-message+&amp;&#093;:mt-1\" dir=\"auto\" data-message-author-role=\"assistant\" data-message-id=\"04fe8464-0665-4a74-bc3c-3be9d5ca5d9b\" data-message-model-slug=\"gpt-5\">\n<div class=\"flex w-full flex-col gap-1 empty:hidden first:pt-&#091;1px&#093;\">\n<div class=\"markdown prose dark:prose-invert w-full break-words dark markdown-new-styling\">\n<p data-start=\"0\" data-end=\"386\" data-is-last-node=\"\" data-is-only-node=\"\">The <strong data-start=\"3\" data-end=\"20\">Ley N\u00b0 21.643<\/strong>, conocida como <strong data-start=\"36\" data-end=\"49\">Ley Karin<\/strong>, regula en Chile la <strong data-start=\"70\" data-end=\"164\">prevenci\u00f3n, investigaci\u00f3n y sanci\u00f3n del acoso laboral, sexual y la violencia en el trabajo<\/strong>. Obliga a los empleadores p\u00fablicos y privados a contar con <strong data-start=\"224\" data-end=\"252\">protocolos de prevenci\u00f3n<\/strong>, canales de denuncia y medidas de protecci\u00f3n a las v\u00edctimas, promoviendo ambientes laborales <strong data-start=\"346\" data-end=\"385\">seguros, respetuosos e igualitarios<\/strong>.<\/p>\n<\/div>\n<\/div>\n<\/div>\n<\/div>\n<\/div>\n<\/div>\n<\/article>\n\n\t\t<\/div>\n\t<\/div>\n<\/div><\/div><\/div><\/div><\/div><\/section><section style=\"\" id=\"locations\" class=\"vc_section\"><div style=\"\" class=\"vc_row wpb_row vc_row-fluid\"><div class=\"row-inner\"><div class=\"wpb_column vc_column_container vc_col-sm-3\"><div class=\"vc_column-inner\"><div class=\"wpb_wrapper\"><\/div><\/div><\/div><div class=\"wpb_column vc_column_container vc_col-sm-6\"><div class=\"vc_column-inner\"><div class=\"wpb_wrapper\"><div class=\"vc_empty_space\"   style=\"height: 40px\"><span class=\"vc_empty_space_inner\"><\/span><\/div>\n<div class=\"wpcf7 no-js\" id=\"wpcf7-f4067-o1\" lang=\"es-ES\" dir=\"ltr\" data-wpcf7-id=\"4067\">\n<div class=\"screen-reader-response\"><p role=\"status\" aria-live=\"polite\" aria-atomic=\"true\"><\/p> <ul><\/ul><\/div>\n<form action=\"\/en\/wp-json\/wp\/v2\/pages\/4773#wpcf7-f4067-o1\" method=\"post\" class=\"wpcf7-form init\" aria-label=\"Formulario de contacto\" enctype=\"multipart\/form-data\" novalidate=\"novalidate\" data-status=\"init\" data-trp-original-action=\"\/en\/wp-json\/wp\/v2\/pages\/4773#wpcf7-f4067-o1\">\n<fieldset class=\"hidden-fields-container\"><input type=\"hidden\" name=\"_wpcf7\" value=\"4067\" \/><input type=\"hidden\" name=\"_wpcf7_version\" value=\"6.1.5\" \/><input type=\"hidden\" name=\"_wpcf7_locale\" value=\"es_ES\" \/><input type=\"hidden\" name=\"_wpcf7_unit_tag\" value=\"wpcf7-f4067-o1\" \/><input type=\"hidden\" name=\"_wpcf7_container_post\" value=\"0\" \/><input type=\"hidden\" name=\"_wpcf7_posted_data_hash\" value=\"\" \/><input type=\"hidden\" name=\"_wpcf7cf_hidden_group_fields\" value=\"[]\" \/><input type=\"hidden\" name=\"_wpcf7cf_hidden_groups\" value=\"[]\" \/><input type=\"hidden\" name=\"_wpcf7cf_visible_groups\" value=\"[]\" \/><input type=\"hidden\" name=\"_wpcf7cf_repeaters\" value=\"[]\" \/><input type=\"hidden\" name=\"_wpcf7cf_steps\" value=\"{}\" \/><input type=\"hidden\" name=\"_wpcf7cf_options\" value=\"{&quot;form_id&quot;:4067,&quot;conditions&quot;:[{&quot;then_field&quot;:&quot;datos-identidad&quot;,&quot;and_rules&quot;:[{&quot;if_field&quot;:&quot;es-anonimo&quot;,&quot;operator&quot;:&quot;not equals&quot;,&quot;if_value&quot;:&quot;Si&quot;}]}],&quot;settings&quot;:{&quot;animation&quot;:&quot;yes&quot;,&quot;animation_intime&quot;:200,&quot;animation_outtime&quot;:200,&quot;conditions_ui&quot;:&quot;normal&quot;,&quot;notice_dismissed&quot;:false}}\" \/>\n<\/fieldset>\n<div style=\"height:30px; font-size:25px; font-weight:600; margin:2% 0 2% 0;\">\n\t<p>\u00bfQuiere que sea an\u00f3nima la denuncia?\n\t<\/p>\n<\/div>\n<p><span class=\"wpcf7-form-control-wrap\" data-name=\"es-anonimo\"><span class=\"wpcf7-form-control wpcf7-radio\"><span class=\"wpcf7-list-item first\"><label><input type=\"radio\" name=\"es-anonimo\" value=\"Si\" \/><span class=\"wpcf7-list-item-label\">Si<\/span><\/label><\/span><span class=\"wpcf7-list-item last\"><label><input type=\"radio\" name=\"es-anonimo\" value=\"No\" \/><span class=\"wpcf7-list-item-label\">No<\/span><\/label><\/span><\/span><\/span>\n<\/p>\n<div data-id=\"datos-identidad\" data-orig_data_id=\"datos-identidad\" data-clear_on_hide class=\"\" data-class=\"wpcf7cf_group\">\n\t<div style=\"height:30px; font-size:25px; font-weight:600; margin:2% 0 2% 0;\">\n\t\t<p>Datos de la persona denunciante\n\t\t<\/p>\n\t<\/div>\n\t<p><label>Nombre Completo<\/label><br \/>\n<span class=\"wpcf7-form-control-wrap\" data-name=\"nombre-denunciante\"><input size=\"40\" maxlength=\"400\" class=\"wpcf7-form-control wpcf7-text wpcf7-validates-as-required\" aria-required=\"true\" aria-invalid=\"false\" value=\"\" type=\"text\" name=\"nombre-denunciante\" \/><\/span><br \/>\n<label>Tel\u00e9fono<\/label><br \/>\n<span class=\"wpcf7-form-control-wrap\" data-name=\"tel-denunciante\"><input size=\"40\" maxlength=\"400\" class=\"wpcf7-form-control wpcf7-tel wpcf7-validates-as-required wpcf7-text wpcf7-validates-as-tel\" aria-required=\"true\" aria-invalid=\"false\" value=\"\" type=\"tel\" name=\"tel-denunciante\" \/><\/span><br \/>\n<label>Correo<\/label><br \/>\n<span class=\"wpcf7-form-control-wrap\" data-name=\"denunciante-email\"><input size=\"40\" maxlength=\"400\" class=\"wpcf7-form-control wpcf7-email wpcf7-validates-as-required wpcf7-text wpcf7-validates-as-email\" aria-required=\"true\" aria-invalid=\"false\" value=\"\" type=\"email\" name=\"denunciante-email\" \/><\/span><br \/>\n<label>\u00bfEs empleado actual de Metaproject? especifique la sociedad.<\/label><br \/>\n<span class=\"wpcf7-form-control-wrap\" data-name=\"select-244\"><select class=\"wpcf7-form-control wpcf7-select wpcf7-validates-as-required\" aria-required=\"true\" aria-invalid=\"false\" name=\"select-244\"><option value=\"Metaproject Group\">Metaproject Group<\/option><option value=\"Metaproject Per\u00fa\">Metaproject Per\u00fa<\/option><option value=\"Manvier\">Manvier<\/option><\/select><\/span>\n\t<\/p>\n<\/div>\n<div style=\"height:30px; font-size:25px; font-weight:600; margin:2% 0 2% 0;\">\n\t<p>Datos de la persona afectada\n\t<\/p>\n<\/div>\n<p><label>Nombre completo fectada<\/label><br \/>\n<span class=\"wpcf7-form-control-wrap\" data-name=\"nombre-afectado\"><input size=\"40\" maxlength=\"400\" class=\"wpcf7-form-control wpcf7-text wpcf7-validates-as-required\" aria-required=\"true\" aria-invalid=\"false\" value=\"\" type=\"text\" name=\"nombre-afectado\" \/><\/span><br \/>\n<label>Tel\u00e9fono<\/label><br \/>\n<span class=\"wpcf7-form-control-wrap\" data-name=\"tel-afectado\"><input size=\"40\" maxlength=\"400\" class=\"wpcf7-form-control wpcf7-tel wpcf7-text wpcf7-validates-as-tel\" aria-invalid=\"false\" value=\"\" type=\"tel\" name=\"tel-afectado\" \/><\/span><br \/>\n<label>Correo<\/label><br \/>\n<span class=\"wpcf7-form-control-wrap\" data-name=\"email-afectado\"><input size=\"40\" maxlength=\"400\" class=\"wpcf7-form-control wpcf7-email wpcf7-text wpcf7-validates-as-email\" aria-invalid=\"false\" value=\"\" type=\"email\" name=\"email-afectado\" \/><\/span>\n<\/p>\n<div style=\"height:30px; font-size:25px; font-weight:600; margin:2% 0 2% 0;\">\n\t<p>Persona denunciada\n\t<\/p>\n<\/div>\n<p><label>Nombre completo<\/label><br \/>\n<span class=\"wpcf7-form-control-wrap\" data-name=\"text-denunciado\"><input size=\"40\" maxlength=\"400\" class=\"wpcf7-form-control wpcf7-text wpcf7-validates-as-required\" aria-required=\"true\" aria-invalid=\"false\" value=\"\" type=\"text\" name=\"text-denunciado\" \/><\/span><br \/>\n<label>Tel\u00e9fono<\/label><br \/>\n<span class=\"wpcf7-form-control-wrap\" data-name=\"tel-denunciado\"><input size=\"40\" maxlength=\"400\" class=\"wpcf7-form-control wpcf7-tel wpcf7-text wpcf7-validates-as-tel\" aria-invalid=\"false\" value=\"\" type=\"tel\" name=\"tel-denunciado\" \/><\/span><br \/>\n<label>Correo<\/label><br \/>\n<span class=\"wpcf7-form-control-wrap\" data-name=\"email-denunciado\"><input size=\"40\" maxlength=\"400\" class=\"wpcf7-form-control wpcf7-email wpcf7-text wpcf7-validates-as-email\" aria-invalid=\"false\" value=\"\" type=\"email\" name=\"email-denunciado\" \/><\/span>\n<\/p>\n<div style=\"height:30px; font-size:25px; font-weight:600; margin:2% 0 2% 0;\">\n\t<p>Tipo de denuncia\n\t<\/p>\n<\/div>\n<p><span class=\"wpcf7-form-control-wrap\" data-name=\"select-denuncia\"><select class=\"wpcf7-form-control wpcf7-select wpcf7-validates-as-required\" aria-required=\"true\" aria-invalid=\"false\" name=\"select-denuncia\"><option value=\"Acoso laboral\">Acoso laboral<\/option><option value=\"Acoso sexual\">Acoso sexual<\/option><option value=\"Violencia laboral\">Violencia laboral<\/option><\/select><\/span>\n<\/p>\n<div style=\"height:30px; font-size:25px; font-weight:600; margin:2% 0 2% 0;\">\n\t<p>Descripci\u00f3n de la denuncia\n\t<\/p>\n<\/div>\n<p><span class=\"wpcf7-form-control-wrap\" data-name=\"textarea-784\"><textarea cols=\"40\" rows=\"10\" maxlength=\"2000\" class=\"wpcf7-form-control wpcf7-textarea\" aria-invalid=\"false\" name=\"textarea-784\"><\/textarea><\/span>\n<\/p>\n<div style=\"height:30px; font-size:25px; font-weight:600; margin:2% 0 2% 0;\">\n\t<p>Pruebas (Si dispone)\n\t<\/p>\n<\/div>\n<p><span class=\"wpcf7-form-control-wrap\" data-name=\"file-692\"><input size=\"40\" class=\"wpcf7-form-control wpcf7-file\" accept=\"audio\/*,video\/*,image\/*\" aria-invalid=\"false\" type=\"file\" name=\"file-692\" \/><\/span><br \/>\n<input class=\"wpcf7-form-control wpcf7-submit has-spinner\" type=\"submit\" value=\"Enviar\" \/>\n<\/p><div class=\"wpcf7-response-output\" aria-hidden=\"true\"><\/div>\n<input type=\"hidden\" name=\"trp-form-language\" value=\"en\"\/><\/form>\n<\/div>\n<div class=\"vc_empty_space\"   style=\"height: 40px\"><span class=\"vc_empty_space_inner\"><\/span><\/div><\/div><\/div><\/div><div class=\"wpb_column vc_column_container vc_col-sm-3\"><div class=\"vc_column-inner\"><div class=\"wpb_wrapper\"><\/div><\/div><\/div><\/div><\/div><\/section>\n<\/div>","protected":false},"excerpt":{"rendered":"Buz\u00f3n de denuncia por acoso laboral, sexual o violencia en el trabajo - Ley 21.643Los formularios estan dirigidos a: denuncias@metaprojectgroup.com \u00bfCu\u00e1l es la Ley N\u00b0\u00a021.643\u00a0? La Ley N\u00b0 21.643, conocida como Ley Karin, regula en Chile la prevenci\u00f3n, investigaci\u00f3n y sanci\u00f3n del acoso laboral, sexual y la violencia en el trabajo. Obliga a los empleadores [...]","protected":false},"author":1,"featured_media":0,"parent":0,"menu_order":0,"comment_status":"closed","ping_status":"closed","template":"tmpl\/template-fullwidth.php","meta":{"_acf_changed":false,"inline_featured_image":false,"_joinchat":[],"footnotes":""},"class_list":["post-4773","page","type-page","status-publish","hentry"],"acf":[],"_links":{"self":[{"href":"https:\/\/metaprojectgroup.com\/en\/wp-json\/wp\/v2\/pages\/4773","targetHints":{"allow":["GET"]}}],"collection":[{"href":"https:\/\/metaprojectgroup.com\/en\/wp-json\/wp\/v2\/pages"}],"about":[{"href":"https:\/\/metaprojectgroup.com\/en\/wp-json\/wp\/v2\/types\/page"}],"author":[{"embeddable":true,"href":"https:\/\/metaprojectgroup.com\/en\/wp-json\/wp\/v2\/users\/1"}],"replies":[{"embeddable":true,"href":"https:\/\/metaprojectgroup.com\/en\/wp-json\/wp\/v2\/comments?post=4773"}],"version-history":[{"count":11,"href":"https:\/\/metaprojectgroup.com\/en\/wp-json\/wp\/v2\/pages\/4773\/revisions"}],"predecessor-version":[{"id":7575,"href":"https:\/\/metaprojectgroup.com\/en\/wp-json\/wp\/v2\/pages\/4773\/revisions\/7575"}],"wp:attachment":[{"href":"https:\/\/metaprojectgroup.com\/en\/wp-json\/wp\/v2\/media?parent=4773"}],"curies":[{"name":"wp","href":"https:\/\/api.w.org\/{rel}","templated":true}]}}