{"id":4310,"date":"2025-08-27T19:07:50","date_gmt":"2025-08-27T19:07:50","guid":{"rendered":"https:\/\/metaprojectgroup.com\/?page_id=4310"},"modified":"2025-11-04T13:46:25","modified_gmt":"2025-11-04T13:46:25","slug":"menu-opciones-tipo-denuncia","status":"publish","type":"page","link":"https:\/\/metaprojectgroup.com\/en\/menu-opciones-tipo-denuncia\/","title":{"rendered":"Men\u00fa opciones tipo denuncia"},"content":{"rendered":"<div class=\"wpb-content-wrapper\"><section style=\"\" data-vc-full-width=\"true\" data-vc-full-width-init=\"false\" data-vc-stretch-content=\"true\" class=\"vc_section vc_custom_1756321759526 vc_section-has-fill\"><div style=\"\" class=\"vc_row wpb_row vc_row-fluid\"><div class=\"row-inner\"><div class=\"wpb_column vc_column_container vc_col-sm-12\"><div class=\"vc_column-inner\"><div class=\"wpb_wrapper\"><div class=\"vc_empty_space\"   style=\"height: 25px\"><span class=\"vc_empty_space_inner\"><\/span><\/div><\/div><\/div><\/div><\/div><\/div><div style=\"\" class=\"vc_row wpb_row vc_row-fluid vc_custom_1748459841407 vc_row-o-content-middle vc_row-flex\"><div class=\"row-inner\"><div class=\"wpb_animate_when_almost_visible wpb_fadeInLeft fadeInLeft wpb_column vc_column_container vc_col-sm-6\"><div class=\"vc_column-inner\"><div class=\"wpb_wrapper\"><div style=\"font-size: 40px;color: #ffffff;line-height: 44px;text-align: left\" class=\"vc_custom_heading vc_do_custom_heading\" >ADVERTENCIA<\/div>\n\t<div class=\"wpb_text_column wpb_content_element\" >\n\t\t<div class=\"wpb_wrapper\">\n\t\t\t<p><strong style=\"color: #ffffff;\">Este Canal de Consultas y Denuncias no es un servicio de emergencia:<\/strong><\/p>\n\n\t\t<\/div>\n\t<\/div>\n<div class=\"vc_empty_space\"   style=\"height: 40px\"><span class=\"vc_empty_space_inner\"><\/span><\/div><\/div><\/div><\/div><div class=\"wpb_column vc_column_container vc_col-sm-1\"><div class=\"vc_column-inner\"><div class=\"wpb_wrapper\"><\/div><\/div><\/div><div class=\"wpb_animate_when_almost_visible wpb_fadeInRight fadeInRight wpb_column vc_column_container vc_col-sm-4\"><div class=\"vc_column-inner\"><div class=\"wpb_wrapper\"><div class=\"vc_empty_space\"   style=\"height: 40px\"><span class=\"vc_empty_space_inner\"><\/span><\/div><\/div><\/div><\/div><div class=\"wpb_column vc_column_container vc_col-sm-1\"><div class=\"vc_column-inner\"><div class=\"wpb_wrapper\"><\/div><\/div><\/div><\/div><\/div><\/section><div class=\"vc_row-full-width vc_clearfix\"><\/div><div style=\"\" class=\"vc_row wpb_row vc_row-fluid\"><div class=\"row-inner\"><div class=\"wpb_column vc_column_container vc_col-sm-12\"><div class=\"vc_column-inner\"><div class=\"wpb_wrapper\">\n\t<div class=\"wpb_text_column wpb_content_element\" >\n\t\t<div class=\"wpb_wrapper\">\n\t\t\t<p>No utilice este sitio para denunciar sucesos que representen una amenaza inmediata a la vida o a la propiedad. Las consultas y denuncias representadas mediante este servicio\u00a0<b>no reciben una respuesta instant\u00e1nea<\/b>, ya que requieren un an\u00e1lisis responsable.<\/p>\n<h3>Seleccione la opci\u00f3n seg\u00fan la denuncia que quiere realizar:<\/h3>\n\n\t\t<\/div>\n\t<\/div>\n<div class=\"vc_empty_space\"   style=\"height: 25px\"><span class=\"vc_empty_space_inner\"><\/span><\/div><div class=\"vc_row wpb_row vc_inner vc_row-fluid vc_column-gap-35 vc_row-o-content-middle vc_row-flex\"><div class=\"wpb_column vc_column_container vc_col-sm-6 vc_col-has-fill\"><div class=\"vc_column-inner vc_custom_1757432138877\"><div class=\"wpb_wrapper\"><h4 style=\"font-size: 40px;color: #0a0a0a;line-height: 44px;text-align: left\" class=\"vc_custom_heading vc_do_custom_heading\" >Denuncia Ley 20.393<\/h4>\n\t<div class=\"wpb_text_column wpb_content_element\" >\n\t\t<div class=\"wpb_wrapper\">\n\t\t\t<p>Buz\u00f3n de prevenci\u00f3n de delitos.<\/p>\n\n\t\t<\/div>\n\t<\/div>\n<div class=\"vc_empty_space\"   style=\"height: 20px\"><span class=\"vc_empty_space_inner\"><\/span><\/div><div class=\"vc_btn3-container vc_btn3-center vc_do_btn\" ><a class=\"vc_general vc_btn3 vc_btn3-size-lg vc_btn3-shape-rounded vc_btn3-style-classic vc_btn3-block vc_btn3-icon-left vc_btn3-color-black\" href=\"https:\/\/metaprojectgroup.com\/en\/denuncia-ley-20-393\/\" title=\"\"><i class=\"vc_btn3-icon fab fa-wpforms\"><\/i> Ingresar a formulario<\/a><\/div><\/div><\/div><\/div><div class=\"wpb_column vc_column_container vc_col-sm-6 vc_col-has-fill\"><div class=\"vc_column-inner vc_custom_1757432127470\"><div class=\"wpb_wrapper\"><h4 style=\"font-size: 40px;color: #0a0a0a;line-height: 44px;text-align: left\" class=\"vc_custom_heading vc_do_custom_heading\" >Denuncia Ley 21.643<\/h4>\n\t<div class=\"wpb_text_column wpb_content_element\" >\n\t\t<div class=\"wpb_wrapper\">\n\t\t\t<p>Buz\u00f3n de denuncia por acoso laboral, sexual o violencia en el trabajo.<\/p>\n\n\t\t<\/div>\n\t<\/div>\n<div class=\"vc_empty_space\"   style=\"height: 20px\"><span class=\"vc_empty_space_inner\"><\/span><\/div><div class=\"vc_btn3-container vc_btn3-center vc_do_btn\" ><a class=\"vc_general vc_btn3 vc_btn3-size-lg vc_btn3-shape-rounded vc_btn3-style-classic vc_btn3-block vc_btn3-icon-left vc_btn3-color-black\" href=\"https:\/\/metaprojectgroup.com\/en\/denuncia-ley-ley-21-643\/\" title=\"\"><i class=\"vc_btn3-icon fab fa-wpforms\"><\/i> Ingresar a formulario<\/a><\/div><\/div><\/div><\/div><\/div><\/div><\/div><\/div><\/div><\/div>\n<\/div>","protected":false},"excerpt":{"rendered":"ADVERTENCIA Este Canal de Consultas y Denuncias no es un servicio de emergencia: No utilice este sitio para denunciar sucesos que representen una amenaza inmediata a la vida o a la propiedad. Las consultas y denuncias representadas mediante este servicio\u00a0no reciben una respuesta instant\u00e1nea, ya que requieren un an\u00e1lisis responsable. Seleccione la opci\u00f3n seg\u00fan la [...]","protected":false},"author":1,"featured_media":0,"parent":0,"menu_order":0,"comment_status":"closed","ping_status":"closed","template":"tmpl\/template-fullwidth.php","meta":{"_acf_changed":false,"inline_featured_image":false,"_joinchat":[],"footnotes":""},"class_list":["post-4310","page","type-page","status-publish","hentry"],"acf":[],"_links":{"self":[{"href":"https:\/\/metaprojectgroup.com\/en\/wp-json\/wp\/v2\/pages\/4310","targetHints":{"allow":["GET"]}}],"collection":[{"href":"https:\/\/metaprojectgroup.com\/en\/wp-json\/wp\/v2\/pages"}],"about":[{"href":"https:\/\/metaprojectgroup.com\/en\/wp-json\/wp\/v2\/types\/page"}],"author":[{"embeddable":true,"href":"https:\/\/metaprojectgroup.com\/en\/wp-json\/wp\/v2\/users\/1"}],"replies":[{"embeddable":true,"href":"https:\/\/metaprojectgroup.com\/en\/wp-json\/wp\/v2\/comments?post=4310"}],"version-history":[{"count":67,"href":"https:\/\/metaprojectgroup.com\/en\/wp-json\/wp\/v2\/pages\/4310\/revisions"}],"predecessor-version":[{"id":4782,"href":"https:\/\/metaprojectgroup.com\/en\/wp-json\/wp\/v2\/pages\/4310\/revisions\/4782"}],"wp:attachment":[{"href":"https:\/\/metaprojectgroup.com\/en\/wp-json\/wp\/v2\/media?parent=4310"}],"curies":[{"name":"wp","href":"https:\/\/api.w.org\/{rel}","templated":true}]}}