{"id":363,"date":"2019-11-29T03:38:26","date_gmt":"2019-11-29T03:38:26","guid":{"rendered":"https:\/\/inomezspa.cl\/?page_id=363"},"modified":"2025-05-23T14:11:42","modified_gmt":"2025-05-23T14:11:42","slug":"quienes-somos","status":"publish","type":"page","link":"https:\/\/metaprojectgroup.com\/en\/acerca-de\/quienes-somos\/","title":{"rendered":"Quienes somos"},"content":{"rendered":"<div class=\"wpb-content-wrapper\"><section style=\"\" class=\"vc_section vc_custom_1747232052380 vc_section-has-fill\"><div style=\"\" class=\"vc_row wpb_row vc_row-fluid\"><div class=\"row-inner\"><div class=\"wpb_column vc_column_container vc_col-sm-12\"><div class=\"vc_column-inner\"><div class=\"wpb_wrapper\"><div class=\"vc_empty_space\"   style=\"height: 30px\"><span class=\"vc_empty_space_inner\"><\/span><\/div><\/div><\/div><\/div><\/div><\/div><div style=\"\" class=\"vc_row wpb_row vc_row-fluid vc_custom_1575014741811 vc_row-o-content-bottom vc_row-flex\"><div class=\"row-inner\"><div class=\"wpb_column vc_column_container vc_col-sm-6\"><div class=\"vc_column-inner\"><div class=\"wpb_wrapper\"><h2 style=\"font-size: 40px;color: #ffffff;line-height: 44px;text-align: left\" class=\"vc_custom_heading vc_do_custom_heading\" >Somos una empresa de visionaria<br \/>\nin the engineering industry.<\/h2><div class=\"vc_empty_space\"   style=\"height: 20px\"><span class=\"vc_empty_space_inner\"><\/span><\/div><\/div><\/div><\/div><div class=\"wpb_column vc_column_container vc_col-sm-1\"><div class=\"vc_column-inner\"><div class=\"wpb_wrapper\"><\/div><\/div><\/div><div class=\"wpb_column vc_column_container vc_col-sm-4\"><div class=\"vc_column-inner\"><div class=\"wpb_wrapper\"><div class=\"vc_empty_space\"   style=\"height: 25px\"><span class=\"vc_empty_space_inner\"><\/span><\/div>\n\t<div class=\"wpb_text_column wpb_content_element\" >\n\t\t<div class=\"wpb_wrapper\">\n\t\t\t<p><span style=\"color: #000000;\">El equipo de liderazgo de Metaproject Group brinda la visi\u00f3n que nos ha impulsado de una peque\u00f1a empresa de ingenier\u00eda a un l\u00edder diversificado a nivel nacional en un per\u00edodo de tiempo notablemente corto.<\/span><\/p>\n\n\t\t<\/div>\n\t<\/div>\n<div class=\"vc_empty_space\"   style=\"height: 25px\"><span class=\"vc_empty_space_inner\"><\/span><\/div><\/div><\/div><\/div><div class=\"wpb_column vc_column_container vc_col-sm-1\"><div class=\"vc_column-inner\"><div class=\"wpb_wrapper\"><\/div><\/div><\/div><\/div><\/div><div style=\"\" class=\"vc_row wpb_row vc_row-fluid\"><div class=\"row-inner\"><div class=\"wpb_column vc_column_container vc_col-sm-12\"><div class=\"vc_column-inner\"><div class=\"wpb_wrapper\"><div  class=\"vc_wp_custommenu wpb_content_element columns-5\"><div class=\"widget widget_nav_menu\"><div class=\"menu-company-container\"><ul id=\"menu-company\" class=\"menu\"><li id=\"menu-item-365\" class=\"menu-item menu-item-type-post_type menu-item-object-page menu-item-365\"><a href=\"https:\/\/metaprojectgroup.com\/en\/acerca-de\/\">Descripci\u00f3n general<\/a><\/li>\n<li id=\"menu-item-366\" class=\"menu-item menu-item-type-post_type menu-item-object-page menu-item-366\"><a href=\"https:\/\/metaprojectgroup.com\/en\/acerca-de\/quienes-somos\/\">Quienes somos<\/a><\/li>\n<li id=\"menu-item-489\" class=\"menu-item menu-item-type-post_type menu-item-object-page menu-item-489\"><a href=\"https:\/\/metaprojectgroup.com\/en\/acerca-de\/valores-fundamentales\/\">Core values<\/a><\/li>\n<li id=\"menu-item-778\" class=\"menu-item menu-item-type-post_type menu-item-object-page menu-item-778\"><a href=\"https:\/\/metaprojectgroup.com\/en\/acerca-de\/por-que-elegirnos\/\">\u00bfPor qu\u00e9 elegirnos?<\/a><\/li>\n<\/ul><\/div><\/div><\/div><div class=\"vc_empty_space\"   style=\"height: 30px\"><span class=\"vc_empty_space_inner\"><\/span><\/div><\/div><\/div><\/div><\/div><\/div><\/section><div style=\"\" class=\"vc_row wpb_row vc_row-fluid\"><div class=\"row-inner\"><div class=\"wpb_column vc_column_container vc_col-sm-12\"><div class=\"vc_column-inner\"><div class=\"wpb_wrapper\"><div class=\"vc_empty_space\"   style=\"height: 60px\"><span class=\"vc_empty_space_inner\"><\/span><\/div><h2 style=\"font-size: 64px;line-height: 64px;text-align: center\" class=\"vc_custom_heading vc_do_custom_heading\" ><strong>At Metaproject Group we are a<br \/>\nempresa din\u00e1mica y mucha experiencia<\/strong><\/h2><div class=\"vc_empty_space\"   style=\"height: 60px\"><span class=\"vc_empty_space_inner\"><\/span><\/div><\/div><\/div><\/div><\/div><\/div><div style=\"\" class=\"vc_row wpb_row vc_row-fluid\"><div class=\"row-inner\"><div class=\"wpb_column vc_column_container vc_col-sm-3\"><div class=\"vc_column-inner\"><div class=\"wpb_wrapper\">\n\t<div class=\"member  style2  has-image\">\n\t\t\n\t\t<div class=\"member-image\">\n\t\t\t<img decoding=\"async\" src=\"https:\/\/metaprojectgroup.com\/wp-content\/uploads\/2025\/05\/manuel-viera-ceo-metaproject.webp\" alt=\"Manuel Viera Flores\" \/>\n\t\t<\/div>\n\t\n\t\t<div class=\"member-info\">\n\t\t\t<div class=\"member-meta\">\n\t\t\t<h3 class=\"member-name\">Manuel Viera Flores<\/h3><div class=\"member-subtitle\">CEO Metaproject Group<\/div>\n\t\t\t\n\t\t\t<\/div>\n\t\t\t<div class=\"member-desc\"><\/div>\n\t\t<\/div>\n\t<\/div><div class=\"vc_empty_space\"   style=\"height: 30px\"><span class=\"vc_empty_space_inner\"><\/span><\/div><\/div><\/div><\/div><div class=\"wpb_column vc_column_container vc_col-sm-3\"><div class=\"vc_column-inner\"><div class=\"wpb_wrapper\">\n\t<div class=\"member  style2  has-image\">\n\t\t\n\t\t<div class=\"member-image\">\n\t\t\t<img decoding=\"async\" src=\"https:\/\/metaprojectgroup.com\/wp-content\/uploads\/2025\/05\/Isabel-penailillo.webp\" alt=\"Isabel Pe\u00f1ailillo Pailamilla\" \/>\n\t\t<\/div>\n\t\n\t\t<div class=\"member-info\">\n\t\t\t<div class=\"member-meta\">\n\t\t\t<h3 class=\"member-name\">Isabel Pe\u00f1ailillo Pailamilla<\/h3><div class=\"member-subtitle\">CEO Metaproject Group<\/div>\n\t\t\t\n\t\t\t<\/div>\n\t\t\t<div class=\"member-desc\"><\/div>\n\t\t<\/div>\n\t<\/div><div class=\"vc_empty_space\"   style=\"height: 30px\"><span class=\"vc_empty_space_inner\"><\/span><\/div><\/div><\/div><\/div><div class=\"wpb_column vc_column_container vc_col-sm-3\"><div class=\"vc_column-inner\"><div class=\"wpb_wrapper\">\n\t<div class=\"member  style2  has-image\">\n\t\t\n\t\t<div class=\"member-image\">\n\t\t\t<img decoding=\"async\" src=\"https:\/\/metaprojectgroup.com\/wp-content\/uploads\/2025\/05\/Julio-Campos-.webp\" alt=\"Julio Campos Cabrera\" \/>\n\t\t<\/div>\n\t\n\t\t<div class=\"member-info\">\n\t\t\t<div class=\"member-meta\">\n\t\t\t<h3 class=\"member-name\">Julio Campos Cabrera<\/h3><div class=\"member-subtitle\">CEO Metaproject Group<\/div>\n\t\t\t\n\t\t\t<\/div>\n\t\t\t<div class=\"member-desc\"><\/div>\n\t\t<\/div>\n\t<\/div><div class=\"vc_empty_space\"   style=\"height: 30px\"><span class=\"vc_empty_space_inner\"><\/span><\/div><\/div><\/div><\/div><div class=\"wpb_column vc_column_container vc_col-sm-3\"><div class=\"vc_column-inner\"><div class=\"wpb_wrapper\">\n\t<div class=\"member  style2  has-image\">\n\t\t\n\t\t<div class=\"member-image\">\n\t\t\t<img decoding=\"async\" src=\"https:\/\/metaprojectgroup.com\/wp-content\/uploads\/2025\/05\/Dominique-Viera-.webp\" alt=\"Dominique Viera Pe\u00f1ailillo\" \/>\n\t\t<\/div>\n\t\n\t\t<div class=\"member-info\">\n\t\t\t<div class=\"member-meta\">\n\t\t\t<h3 class=\"member-name\">Dominique Viera Pe\u00f1ailillo<\/h3><div class=\"member-subtitle\">Vice President of Operations<\/div>\n\t\t\t\n\t\t\t<\/div>\n\t\t\t<div class=\"member-desc\"><\/div>\n\t\t<\/div>\n\t<\/div><div class=\"vc_empty_space\"   style=\"height: 30px\"><span class=\"vc_empty_space_inner\"><\/span><\/div><\/div><\/div><\/div><\/div><\/div><div style=\"\" class=\"vc_row wpb_row vc_row-fluid\"><div class=\"row-inner\"><div class=\"wpb_column vc_column_container vc_col-sm-3\"><div class=\"vc_column-inner\"><div class=\"wpb_wrapper\">\n\t<div class=\"member  style2  has-image\">\n\t\t\n\t\t<div class=\"member-image\">\n\t\t\t<img decoding=\"async\" src=\"https:\/\/metaprojectgroup.com\/wp-content\/uploads\/2025\/05\/Rodrigo-Poblete-.webp\" alt=\"Rodrigo Poblete\" \/>\n\t\t<\/div>\n\t\n\t\t<div class=\"member-info\">\n\t\t\t<div class=\"member-meta\">\n\t\t\t<h3 class=\"member-name\">Rodrigo Poblete<\/h3><div class=\"member-subtitle\">CEO Metaproject Group<\/div>\n\t\t\t\n\t\t\t<\/div>\n\t\t\t<div class=\"member-desc\"><\/div>\n\t\t<\/div>\n\t<\/div><div class=\"vc_empty_space\"   style=\"height: 30px\"><span class=\"vc_empty_space_inner\"><\/span><\/div><\/div><\/div><\/div><div class=\"wpb_column vc_column_container vc_col-sm-3\"><div class=\"vc_column-inner\"><div class=\"wpb_wrapper\">\n\t<div class=\"member  style2  has-image\">\n\t\t\n\t\t<div class=\"member-image\">\n\t\t\t<img decoding=\"async\" src=\"https:\/\/metaprojectgroup.com\/wp-content\/uploads\/2025\/05\/Kathleen-Viera.webp\" alt=\"Kathleen Viera Penailillo\" \/>\n\t\t<\/div>\n\t\n\t\t<div class=\"member-info\">\n\t\t\t<div class=\"member-meta\">\n\t\t\t<h3 class=\"member-name\">Kathleen Viera Penailillo<\/h3><div class=\"member-subtitle\">Vicepresidenta de Administraci\u00f3n y Finanza<\/div>\n\t\t\t\n\t\t\t<\/div>\n\t\t\t<div class=\"member-desc\"><\/div>\n\t\t<\/div>\n\t<\/div><div class=\"vc_empty_space\"   style=\"height: 30px\"><span class=\"vc_empty_space_inner\"><\/span><\/div><\/div><\/div><\/div><div class=\"wpb_column vc_column_container vc_col-sm-3\"><div class=\"vc_column-inner\"><div class=\"wpb_wrapper\">\n\t<div class=\"member  style2  has-image\">\n\t\t\n\t\t<div class=\"member-image\">\n\t\t\t<img decoding=\"async\" src=\"https:\/\/metaprojectgroup.com\/wp-content\/uploads\/2025\/05\/Jose-Luis-Ortega-.webp\" alt=\"Jose Luis Ortega\" \/>\n\t\t<\/div>\n\t\n\t\t<div class=\"member-info\">\n\t\t\t<div class=\"member-meta\">\n\t\t\t<h3 class=\"member-name\">Jose Luis Ortega<\/h3><div class=\"member-subtitle\">CEO Metaproject Group<\/div>\n\t\t\t\n\t\t\t<\/div>\n\t\t\t<div class=\"member-desc\"><\/div>\n\t\t<\/div>\n\t<\/div><div class=\"vc_empty_space\"   style=\"height: 30px\"><span class=\"vc_empty_space_inner\"><\/span><\/div><\/div><\/div><\/div><div class=\"wpb_column vc_column_container vc_col-sm-3\"><div class=\"vc_column-inner\"><div class=\"wpb_wrapper\">\n\t<div class=\"member  style2  has-image\">\n\t\t\n\t\t<div class=\"member-image\">\n\t\t\t<img decoding=\"async\" src=\"https:\/\/metaprojectgroup.com\/wp-content\/uploads\/2025\/05\/Lily-Ruiz-Celi-.webp\" alt=\"Lily Ruiz Celi\" \/>\n\t\t<\/div>\n\t\n\t\t<div class=\"member-info\">\n\t\t\t<div class=\"member-meta\">\n\t\t\t<h3 class=\"member-name\">Lily Ruiz Celi<\/h3><div class=\"member-subtitle\">CEO Metaproject Group<\/div>\n\t\t\t\n\t\t\t<\/div>\n\t\t\t<div class=\"member-desc\"><\/div>\n\t\t<\/div>\n\t<\/div><div class=\"vc_empty_space\"   style=\"height: 30px\"><span class=\"vc_empty_space_inner\"><\/span><\/div><\/div><\/div><\/div><\/div><\/div><section style=\"\" class=\"vc_section vc_custom_1581415953058 vc_section-has-fill\"><div style=\"\" class=\"vc_row wpb_row vc_row-fluid vc_custom_1747260989621 vc_row-has-fill vc_row-o-content-middle vc_row-flex\"><div class=\"row-inner\"><div class=\"wpb_column vc_column_container vc_col-sm-5 vc_col-lg-6 vc_hidden-xs\"><div class=\"vc_column-inner\"><div class=\"wpb_wrapper\"><div class=\"vc_empty_space\"   style=\"height: 350px\"><span class=\"vc_empty_space_inner\"><\/span><\/div><\/div><\/div><\/div><div class=\"wpb_column vc_column_container vc_col-sm-7 vc_col-lg-5 vc_col-md-6 vc_hidden-xs\"><div class=\"vc_column-inner\"><div class=\"wpb_wrapper\">\n\t<div class=\"testimonial\">\n\t\t<div class=\"testimonial-content\">\n\t\t\t<blockquote>\n\t\t\t\t<p>Nuestro objetivo general es ofrecer proyectos de calidad y rentables que dejen una experiencia positiva para nuestros clientes.<\/p>\n\t\t\t<\/blockquote>\n\t\t<\/div>\n\t\t<div class=\"testimonial-meta\">\n\t\t\t\t\t\t<div class=\"testimonial-author\">\n\t\t\t\t<strong class=\"author-name\">Manuel Viera Flores<\/strong>\n\t\t\t\t<div class=\"author-info\"><span class=\"subtitle\">CEO Metaproject Group<\/span> <span class=\"divider\">-<\/span> <span class=\"company\">Meta project group<\/span><\/div>\n\t\t\t<\/div>\n\t\t<\/div>\n\t<\/div>\n<\/div><\/div><\/div><div class=\"wpb_column vc_column_container vc_col-sm-1\"><div class=\"vc_column-inner\"><div class=\"wpb_wrapper\"><\/div><\/div><\/div><\/div><\/div><div style=\"\" class=\"vc_row wpb_row vc_row-fluid vc_custom_1578887573623\"><div class=\"row-inner\"><div class=\"wpb_column vc_column_container vc_col-sm-12\"><div class=\"vc_column-inner\"><div class=\"wpb_wrapper\">\n\t<div class=\"wpb_text_column wpb_content_element\" >\n\t\t<div class=\"wpb_wrapper\">\n\t\t\t<p style=\"text-align: center;\"><strong class=\"badge\">comunidad<\/strong> We provide services to the most important clients in the industry.<\/p>\n\n\t\t<\/div>\n\t<\/div>\n<\/div><\/div><\/div><\/div><\/div><\/section>\n<\/div>","protected":false},"excerpt":{"rendered":"Somos una empresa de visionaria en la industria de la ingenier\u00eda. El equipo de liderazgo de Metaproject Group brinda la visi\u00f3n que nos ha impulsado de una peque\u00f1a empresa de ingenier\u00eda a un l\u00edder diversificado a nivel nacional en un per\u00edodo de tiempo notablemente corto. Descripci\u00f3n general Quienes somos Valores fundamentales \u00bfPor qu\u00e9 elegirnos? En [...]","protected":false},"author":1,"featured_media":0,"parent":142,"menu_order":0,"comment_status":"closed","ping_status":"closed","template":"tmpl\/template-fullwidth.php","meta":{"_acf_changed":false,"inline_featured_image":false,"_joinchat":[],"footnotes":""},"class_list":["post-363","page","type-page","status-publish","hentry"],"acf":[],"_links":{"self":[{"href":"https:\/\/metaprojectgroup.com\/en\/wp-json\/wp\/v2\/pages\/363","targetHints":{"allow":["GET"]}}],"collection":[{"href":"https:\/\/metaprojectgroup.com\/en\/wp-json\/wp\/v2\/pages"}],"about":[{"href":"https:\/\/metaprojectgroup.com\/en\/wp-json\/wp\/v2\/types\/page"}],"author":[{"embeddable":true,"href":"https:\/\/metaprojectgroup.com\/en\/wp-json\/wp\/v2\/users\/1"}],"replies":[{"embeddable":true,"href":"https:\/\/metaprojectgroup.com\/en\/wp-json\/wp\/v2\/comments?post=363"}],"version-history":[{"count":66,"href":"https:\/\/metaprojectgroup.com\/en\/wp-json\/wp\/v2\/pages\/363\/revisions"}],"predecessor-version":[{"id":1431,"href":"https:\/\/metaprojectgroup.com\/en\/wp-json\/wp\/v2\/pages\/363\/revisions\/1431"}],"up":[{"embeddable":true,"href":"https:\/\/metaprojectgroup.com\/en\/wp-json\/wp\/v2\/pages\/142"}],"wp:attachment":[{"href":"https:\/\/metaprojectgroup.com\/en\/wp-json\/wp\/v2\/media?parent=363"}],"curies":[{"name":"wp","href":"https:\/\/api.w.org\/{rel}","templated":true}]}}