{"id":2839,"date":"2025-05-30T20:34:42","date_gmt":"2025-05-30T20:34:42","guid":{"rendered":"https:\/\/metaprojectgroup.com\/?page_id=2839"},"modified":"2025-08-06T21:32:12","modified_gmt":"2025-08-06T21:32:12","slug":"servicio-de-apoyo-a-la-construccion","status":"publish","type":"page","link":"https:\/\/metaprojectgroup.com\/en\/servicios-de-ingenieria\/servicio-de-apoyo-a-la-construccion\/","title":{"rendered":"Construction Support"},"content":{"rendered":"<div class=\"wpb-content-wrapper\"><section style=\"\" class=\"vc_section\"><div style=\"\" class=\"vc_row wpb_row vc_row-fluid\"><div class=\"row-inner\"><div class=\"wpb_column vc_column_container vc_col-sm-8\"><div class=\"vc_column-inner\"><div class=\"wpb_wrapper\"><h1 style=\"text-align: left\" class=\"vc_custom_heading vc_do_custom_heading\" >Expert Supervision for Projects Advancing with Safety and Efficiency<\/h1><div class=\"vc_empty_space\"   style=\"height: 32px\"><span class=\"vc_empty_space_inner\"><\/span><\/div><\/div><\/div><\/div><div class=\"wpb_column vc_column_container vc_col-sm-4\"><div class=\"vc_column-inner\"><div class=\"wpb_wrapper\"><div class=\"vc_btn3-container vc_btn3-inline vc_do_btn\" ><a class=\"vc_general vc_btn3 vc_btn3-size-md vc_btn3-shape-rounded vc_btn3-style-3d vc_btn3-icon-left vc_btn3-color-danger\" href=\"https:\/\/metaprojectgroup.com\/wp-content\/uploads\/2025\/06\/Apoyo-a-la-construccion_metaproject.pdf\" title=\"\" target=\"_blank\"><i class=\"vc_btn3-icon fas fa-file-pdf\"><\/i> Download Brouchure 1<\/a><\/div><div class=\"vc_empty_space\"   style=\"height: 32px\"><span class=\"vc_empty_space_inner\"><\/span><\/div><\/div><\/div><\/div><\/div><\/div><div style=\"\" class=\"vc_row wpb_row vc_row-fluid\"><div class=\"row-inner\"><div class=\"wpb_column vc_column_container vc_col-sm-12\"><div class=\"vc_column-inner\"><div class=\"wpb_wrapper\">\n\t<div class=\"wpb_text_column wpb_content_element\" >\n\t\t<div class=\"wpb_wrapper\">\n\t\t\t<p class=\"s4\">At Metaproject Group, we provide comprehensive construction support services, accompanying our clients from project conception through successful completion. With over 4,000,000 man-hours worked on executed projects and a strong presence in mining, infrastructure, energy, and Oil &amp; Gas sectors, we are leaders in technical inspection and construction management across Chile and Latin America.<\/p>\n<p class=\"s4\">Our approach combines experience, technology, and strategic vision to ensure control, compliance, and operational efficiency at every stage of construction.<\/p>\n<p class=\"s3\"><span class=\"s2\">Our services include:<\/span><\/p>\n<p class=\"s4\">\u2022\tTechnical Inspection of Works (ITO): monitoring progress, quality, contracts, surveying, construction logs, valuations, and budgets.<\/p>\n<div class=\"s6\"><span class=\"s5\">\u2022 <\/span>Contract and Project Portfolio Management: effective administration, prioritization, risk control, and real-time decision-making.<\/div>\n<div class=\"s6\"><span class=\"s5\">\u2022 <\/span>Strategic Construction Procurement: optimizing timelines, costs, and inventories.<\/div>\n<div class=\"s6\"><span class=\"s5\">\u2022 <\/span>Digital Reporting Systems compatible with SAP and SharePoint.<\/div>\n<p>&nbsp;<\/p>\n<p class=\"s4\">With proprietary developments based on IoT, KPIs, and digital traceability, we guarantee measurable and sustainable results for our clients.<\/p>\n<p class=\"s4\">Looking for a reliable technical partner for your construction projects?<\/p>\n<p class=\"s4\">Trust Metaproject Group, a benchmark in construction support for highly complex projects.<\/p>\n<p class=\"s4\">Quality, safety, and compliance\u2026 all at your fingertips.<\/p>\n\n\t\t<\/div>\n\t<\/div>\n<div class=\"vc_empty_space\"   style=\"height: 32px\"><span class=\"vc_empty_space_inner\"><\/span><\/div><\/div><\/div><\/div><\/div><\/div><div style=\"\" class=\"vc_row wpb_row vc_row-fluid\"><div class=\"row-inner\"><div class=\"wpb_column vc_column_container vc_col-sm-12\"><div class=\"vc_column-inner\"><div class=\"wpb_wrapper\"><div  class=\"vc_wp_text wpb_content_element\"><div class=\"widget widget_text\">\t\t\t<div class=\"textwidget\"><div class=\"_3d-flip-book  fb3d-fullscreen-mode full-size\" data-id=\"3248\" data-mode=\"fullscreen\" data-title=\"false\" data-template=\"short-white-book-view\" data-lightbox=\"dark-shadow\" data-urlparam=\"fb3d-page\" data-page-n=\"0\" data-pdf=\"\" data-tax=\"null\" data-thumbnail=\"\" data-cols=\"3\" data-book-template=\"default\" data-trigger=\"\"><\/div>\n<p><script type=\"text\/javascript\">window.FB3D_CLIENT_DATA = window.FB3D_CLIENT_DATA || [];FB3D_CLIENT_DATA.push('eyJwb3N0cyI6eyIzMjQ4Ijp7IklEIjozMjQ4LCJ0aXRsZSI6IkFwb3lvIGEgbGEgY29uc3RydWNjaVx1MDBmM24iLCJ0eXBlIjoicGRmIiwicmVhZHlfZnVuY3Rpb24iOiIiLCJib29rX3N0eWxlIjoiZmxhdCIsImJvb2tfdGVtcGxhdGUiOiJub25lIiwib3V0bGluZSI6W10sImRhdGEiOnsicG9zdF9JRCI6IjMyNDciLCJndWlkIjoiaHR0cHM6XC9cL21ldGFwcm9qZWN0Z3JvdXAuY29tXC93cC1jb250ZW50XC91cGxvYWRzXC8yMDI1XC8wNlwvQXBveW8tYS1sYS1jb25zdHJ1Y2Npb25fbWV0YXByb2plY3QucGRmIiwicGRmX3BhZ2VzIjoiOCIsInBhZ2VzX2N1c3RvbWl6YXRpb24iOiJub25lIn0sInRodW1ibmFpbCI6eyJkYXRhIjp7InBvc3RfSUQiOiIwIn0sInR5cGUiOiJhdXRvIn0sInByb3BzIjp7ImJhY2tncm91bmRDb2xvciI6ImF1dG8iLCJiYWNrZ3JvdW5kSW1hZ2UiOiJhdXRvIiwiYmFja2dyb3VuZFN0eWxlIjoiYXV0byIsImhpZ2hsaWdodExpbmtzIjoiYXV0byIsImxpZ2h0aW5nIjoiYXV0byIsInNpbmdsZVBhZ2VNb2RlIjoiYXV0byIsImNhY2hlZFBhZ2VzIjoiYXV0byIsInJlbmRlckluYWN0aXZlUGFnZXMiOiJhdXRvIiwicmVuZGVySW5hY3RpdmVQYWdlc09uTW9iaWxlIjoiYXV0byIsInJlbmRlcldoaWxlRmxpcHBpbmciOiJhdXRvIiwicHJlbG9hZFBhZ2VzIjoiYXV0byIsImF1dG9QbGF5RHVyYXRpb24iOiJhdXRvIiwicnRsIjoiYXV0byIsImludGVyYWN0aXZlQ29ybmVycyI6ImF1dG8iLCJtYXhEZXB0aCI6ImF1dG8iLCJzaGVldCI6eyJzdGFydFZlbG9jaXR5IjoiYXV0byIsIndhdmUiOiJhdXRvIiwic2hhcGUiOiJhdXRvIiwid2lkdGhUZXhlbHMiOiJhdXRvIiwiY29sb3IiOiJhdXRvIiwic2lkZSI6ImF1dG8iLCJzdHJldGNoSW1hZ2VzIjoiYXV0byIsImNvcm5lckRldmlhdGlvbiI6ImF1dG8iLCJmbGV4aWJpbGl0eSI6ImF1dG8iLCJmbGV4aWJsZUNvcm5lciI6ImF1dG8iLCJiZW5kaW5nIjoiYXV0byIsImhlaWdodFRleGVscyI6ImF1dG8ifSwiY292ZXIiOnsid2F2ZSI6ImF1dG8iLCJjb2xvciI6ImF1dG8iLCJzaWRlIjoiYXV0byIsInN0cmV0Y2hJbWFnZXMiOiJhdXRvIiwiYmluZGVyVGV4dHVyZSI6ImF1dG8iLCJkZXB0aCI6ImF1dG8iLCJwYWRkaW5nIjoiYXV0byIsInN0YXJ0VmVsb2NpdHkiOiJhdXRvIiwiZmxleGliaWxpdHkiOiJhdXRvIiwiZmxleGlibGVDb3JuZXIiOiJhdXRvIiwiYmVuZGluZyI6ImF1dG8iLCJ3aWR0aFRleGVscyI6ImF1dG8iLCJoZWlnaHRUZXhlbHMiOiJhdXRvIiwibWFzcyI6ImF1dG8iLCJzaGFwZSI6ImF1dG8ifSwicGFnZSI6eyJ3YXZlIjoiYXV0byIsImNvbG9yIjoiYXV0byIsInNpZGUiOiJhdXRvIiwic3RyZXRjaEltYWdlcyI6ImF1dG8iLCJkZXB0aCI6ImF1dG8iLCJzdGFydFZlbG9jaXR5IjoiYXV0byIsImZsZXhpYmlsaXR5IjoiYXV0byIsImZsZXhpYmxlQ29ybmVyIjoiYXV0byIsImJlbmRpbmciOiJhdXRvIiwid2lkdGhUZXhlbHMiOiJhdXRvIiwiaGVpZ2h0VGV4ZWxzIjoiYXV0byIsIm1hc3MiOiJhdXRvIiwic2hhcGUiOiJhdXRvIn0sImhlaWdodCI6ImF1dG8iLCJ3aWR0aCI6ImF1dG8iLCJncmF2aXR5IjoiYXV0byIsInBhZ2VzRm9yUHJlZGljdGluZyI6ImF1dG8ifSwiY29udHJvbFByb3BzIjp7ImFjdGlvbnMiOnsiY21kVG9jIjp7ImVuYWJsZWQiOiJhdXRvIiwiZW5hYmxlZEluTmFycm93IjoiYXV0byIsImFjdGl2ZSI6ImF1dG8iLCJkZWZhdWx0VGFiIjoiYXV0byJ9LCJjbWRBdXRvUGxheSI6eyJlbmFibGVkIjoiYXV0byIsImVuYWJsZWRJbk5hcnJvdyI6ImF1dG8iLCJhY3RpdmUiOiJhdXRvIn0sImNtZFNhdmUiOnsiZW5hYmxlZCI6ImF1dG8iLCJlbmFibGVkSW5OYXJyb3ciOiJhdXRvIn0sImNtZFByaW50Ijp7ImVuYWJsZWQiOiJhdXRvIiwiZW5hYmxlZEluTmFycm93IjoiYXV0byJ9LCJjbWRTaW5nbGVQYWdlIjp7ImVuYWJsZWQiOiJhdXRvIiwiZW5hYmxlZEluTmFycm93IjoiYXV0byIsImFjdGl2ZSI6ImF1dG8iLCJhY3RpdmVGb3JNb2JpbGUiOiJhdXRvIn0sIndpZFRvb2xiYXIiOnsiZW5hYmxlZCI6ImF1dG8iLCJlbmFibGVkSW5OYXJyb3ciOiJhdXRvIn19fSwiYXV0b1RodW1ibmFpbCI6Imh0dHBzOlwvXC9tZXRhcHJvamVjdGdyb3VwLmNvbVwvd3AtY29udGVudFwvdXBsb2Fkc1wvM2QtZmxpcC1ib29rXC9hdXRvLXRodW1ibmFpbHNcLzMyNDgucG5nIiwicG9zdF9uYW1lIjoiYXBveW8tYS1sYS1jb25zdHJ1Y2Npb24iLCJwb3N0X3R5cGUiOiIzZC1mbGlwLWJvb2sifX0sInBhZ2VzIjpbXSwiZmlyc3RQYWdlcyI6W119');window.FB3D_CLIENT_LOCALE && FB3D_CLIENT_LOCALE.render && FB3D_CLIENT_LOCALE.render();<\/script><\/p>\n<\/div>\n\t\t<\/div><\/div><div class=\"vc_empty_space\"   style=\"height: 32px\"><span class=\"vc_empty_space_inner\"><\/span><\/div><h1 style=\"font-size: 52px;line-height: 60px;text-align: center\" class=\"vc_custom_heading vc_do_custom_heading\" ><strong>Let's innovate together<\/strong><br \/>\nfrom the first message<\/h1><div class=\"vc_empty_space\"   style=\"height: 32px\"><span class=\"vc_empty_space_inner\"><\/span><\/div><\/div><\/div><\/div><\/div><\/div><div style=\"\" class=\"vc_row wpb_row vc_row-fluid\"><div class=\"row-inner\"><div class=\"wpb_column vc_column_container vc_col-sm-12\"><div class=\"vc_column-inner\"><div class=\"wpb_wrapper\"><div class=\"vc_empty_space\"   style=\"height: 32px\"><span class=\"vc_empty_space_inner\"><\/span><\/div><div class=\"vc_separator wpb_content_element vc_separator_align_center vc_sep_width_100 vc_sep_pos_align_center vc_sep_color_grey wpb_content_element vc_separator-has-text\" ><span class=\"vc_sep_holder vc_sep_holder_l\"><span class=\"vc_sep_line\"><\/span><\/span><h4>Our contact form<\/h4><span class=\"vc_sep_holder vc_sep_holder_r\"><span class=\"vc_sep_line\"><\/span><\/span>\n<\/div><\/div><\/div><\/div><\/div><\/div><div style=\"\" class=\"vc_row wpb_row vc_row-fluid\"><div class=\"row-inner\"><div class=\"wpb_column vc_column_container vc_col-sm-12\"><div class=\"vc_column-inner\"><div class=\"wpb_wrapper\"><div class=\"vc_empty_space\"   style=\"height: 32px\"><span class=\"vc_empty_space_inner\"><\/span><\/div><\/div><\/div><\/div><\/div><\/div><\/section><section style=\"\" class=\"vc_section\"><div style=\"\" class=\"vc_row wpb_row vc_row-fluid vc_custom_1749497331219 vc_row-has-fill vc_row-o-equal-height vc_row-o-content-middle vc_row-flex shape-1\"><div class=\"row-inner\"><div class=\"wpb_column vc_column_container vc_col-sm-12 vc_col-lg-6 vc_col-md-4\"><div class=\"vc_column-inner\"><div class=\"wpb_wrapper\"><\/div><\/div><\/div><div class=\"wpb_column vc_column_container vc_col-sm-12 vc_col-lg-6 vc_col-md-8\"><div class=\"vc_column-inner\"><div class=\"wpb_wrapper\">\n<div class=\"wpcf7 no-js\" id=\"wpcf7-f3298-o1\" lang=\"en-US\" dir=\"ltr\" data-wpcf7-id=\"3298\">\n<div class=\"screen-reader-response\"><p role=\"status\" aria-live=\"polite\" aria-atomic=\"true\"><\/p> <ul><\/ul><\/div>\n<form action=\"\/en\/wp-json\/wp\/v2\/pages\/2839#wpcf7-f3298-o1\" method=\"post\" class=\"wpcf7-form init\" aria-label=\"Contact form\" novalidate=\"novalidate\" data-status=\"init\" data-trp-original-action=\"\/en\/wp-json\/wp\/v2\/pages\/2839#wpcf7-f3298-o1\">\n<fieldset class=\"hidden-fields-container\"><input type=\"hidden\" name=\"_wpcf7\" value=\"3298\" \/><input type=\"hidden\" name=\"_wpcf7_version\" value=\"6.1.5\" \/><input type=\"hidden\" name=\"_wpcf7_locale\" value=\"en_US\" \/><input type=\"hidden\" name=\"_wpcf7_unit_tag\" value=\"wpcf7-f3298-o1\" \/><input type=\"hidden\" name=\"_wpcf7_container_post\" value=\"0\" \/><input type=\"hidden\" name=\"_wpcf7_posted_data_hash\" value=\"\" \/><input type=\"hidden\" name=\"_wpcf7cf_hidden_group_fields\" value=\"[]\" \/><input type=\"hidden\" name=\"_wpcf7cf_hidden_groups\" value=\"[]\" \/><input type=\"hidden\" name=\"_wpcf7cf_visible_groups\" value=\"[]\" \/><input type=\"hidden\" name=\"_wpcf7cf_repeaters\" value=\"[]\" \/><input type=\"hidden\" name=\"_wpcf7cf_steps\" value=\"{}\" \/><input type=\"hidden\" name=\"_wpcf7cf_options\" value=\"{&quot;form_id&quot;:3298,&quot;conditions&quot;:[],&quot;settings&quot;:{&quot;animation&quot;:&quot;yes&quot;,&quot;animation_intime&quot;:200,&quot;animation_outtime&quot;:200,&quot;conditions_ui&quot;:&quot;normal&quot;,&quot;notice_dismissed&quot;:false}}\" \/>\n<\/fieldset>\n<div class=\"contact-light\">\n\t<div class=\"field line\">\n\t\t<p><label style=\"text-align: left;\">I want to be contacted<\/label><br \/>\n<span class=\"wpcf7-form-control-wrap\" data-name=\"contacto-393\"><select class=\"wpcf7-form-control wpcf7-select\" aria-invalid=\"false\" name=\"contacto-393\"><option value=\"A trav\u00e9s de Whatsapp\">A trav\u00e9s de Whatsapp<\/option><option value=\"A trav\u00e9s del n\u00famero telef\u00f3nico\">A trav\u00e9s del n\u00famero telef\u00f3nico<\/option><option value=\"A trav\u00e9s del correo electr\u00f3nico\">A trav\u00e9s del correo electr\u00f3nico<\/option><\/select><\/span>\n\t\t<\/p>\n\t<\/div>\n\t<div class=\"field line\">\n\t\t<p><label  style=\"text-align: left;>Mi inter\u00e9s es en<\/label><br \/><span class=\"wpcf7-form-control-wrap\" data-name=\"interes-554\"><select class=\"wpcf7-form-control wpcf7-select\" aria-invalid=\"false\" name=\"interes-554\"><option value=\"Servicios de apoyo a la construcci\u00f3n\">Servicios de apoyo a la construcci\u00f3n<\/option><\/select><\/span>\n\t\t<\/p>\n\t<\/div>\n\t<div style=\"height: 20px\">\n\t<\/div>\n\t<div class=\"field grid\">\n\t\t<div class=\"field\">\n\t\t\t<p><label>* Email<\/label><br \/>\n<span class=\"wpcf7-form-control-wrap\" data-name=\"email-21\"><input size=\"40\" maxlength=\"400\" class=\"wpcf7-form-control wpcf7-email wpcf7-validates-as-required wpcf7-text wpcf7-validates-as-email\" aria-required=\"true\" aria-invalid=\"false\" placeholder=\"contacto@metaprojectgroup.com\" value=\"\" type=\"email\" name=\"email-21\" \/><\/span>\n\t\t\t<\/p>\n\t\t<\/div>\n\t\t<div class=\"field\">\n\t\t\t<p><label>* Number<\/label><br \/>\n<span class=\"wpcf7-form-control-wrap\" data-name=\"tel-869\"><input size=\"40\" maxlength=\"400\" class=\"wpcf7-form-control wpcf7-tel wpcf7-text wpcf7-validates-as-tel\" aria-invalid=\"false\" placeholder=\"Full number (+569 xxx xxx\" value=\"\" type=\"tel\" name=\"tel-869\" \/><\/span>\n\t\t\t<\/p>\n\t\t<\/div>\n\t<\/div>\n\t<div class=\"field grid\">\n\t\t<div class=\"field\">\n\t\t\t<p>[cf7sr-recaptcha]\n\t\t\t<\/p>\n\t\t<\/div>\n\t\t<div class=\"field\">\n\t\t\t<p><input class=\"wpcf7-form-control wpcf7-submit has-spinner\" type=\"submit\" value=\"Send message\" \/>\n\t\t\t<\/p>\n\t\t<\/div>\n\t<\/div>\n<\/div><div class=\"wpcf7-response-output\" aria-hidden=\"true\"><\/div>\n<input type=\"hidden\" name=\"trp-form-language\" value=\"en\"\/><\/form>\n<\/div>\n<\/div><\/div><\/div><\/div><\/div><div style=\"\" class=\"vc_row wpb_row vc_row-fluid wpb_animate_when_almost_visible wpb_fadeInLeft fadeInLeft\"><div class=\"row-inner\"><div class=\"wpb_column vc_column_container vc_col-sm-12\"><div class=\"vc_column-inner\"><div class=\"wpb_wrapper\">\n\t<div class=\"wpb_text_column wpb_content_element\" >\n\t\t<div class=\"wpb_wrapper\">\n\t\t\t<h6 class=\"badge\">Metaproject Group<\/h6>\n<p style=\"display: inline;\">We strive to build a better community and make a difference in the world. Best regards!<\/p>\n\n\t\t<\/div>\n\t<\/div>\n<div class=\"vc_empty_space\"   style=\"height: 45px\"><span class=\"vc_empty_space_inner\"><\/span><\/div><\/div><\/div><\/div><\/div><\/div><\/section>\n<\/div>","protected":false},"excerpt":{"rendered":"Supervisi\u00f3n experta para obras que avanzan con seguridad y eficiencia Descargar Brouchure 1 En Metaproject Group, entregamos servicios de apoyo integral a la construcci\u00f3n, acompa\u00f1ando a nuestros clientes desde la concepci\u00f3n del proyecto hasta su cierre exitoso. Con m\u00e1s de 4.000.000 de horas hombre en proyectos ejecutados y una s\u00f3lida presencia en miner\u00eda, infraestructura, energ\u00eda [...]","protected":false},"author":1,"featured_media":2067,"parent":3489,"menu_order":0,"comment_status":"closed","ping_status":"closed","template":"","meta":{"_acf_changed":false,"inline_featured_image":false,"_joinchat":[],"footnotes":""},"class_list":["post-2839","page","type-page","status-publish","has-post-thumbnail","hentry"],"acf":[],"_links":{"self":[{"href":"https:\/\/metaprojectgroup.com\/en\/wp-json\/wp\/v2\/pages\/2839","targetHints":{"allow":["GET"]}}],"collection":[{"href":"https:\/\/metaprojectgroup.com\/en\/wp-json\/wp\/v2\/pages"}],"about":[{"href":"https:\/\/metaprojectgroup.com\/en\/wp-json\/wp\/v2\/types\/page"}],"author":[{"embeddable":true,"href":"https:\/\/metaprojectgroup.com\/en\/wp-json\/wp\/v2\/users\/1"}],"replies":[{"embeddable":true,"href":"https:\/\/metaprojectgroup.com\/en\/wp-json\/wp\/v2\/comments?post=2839"}],"version-history":[{"count":18,"href":"https:\/\/metaprojectgroup.com\/en\/wp-json\/wp\/v2\/pages\/2839\/revisions"}],"predecessor-version":[{"id":4193,"href":"https:\/\/metaprojectgroup.com\/en\/wp-json\/wp\/v2\/pages\/2839\/revisions\/4193"}],"up":[{"embeddable":true,"href":"https:\/\/metaprojectgroup.com\/en\/wp-json\/wp\/v2\/pages\/3489"}],"wp:featuredmedia":[{"embeddable":true,"href":"https:\/\/metaprojectgroup.com\/en\/wp-json\/wp\/v2\/media\/2067"}],"wp:attachment":[{"href":"https:\/\/metaprojectgroup.com\/en\/wp-json\/wp\/v2\/media?parent=2839"}],"curies":[{"name":"wp","href":"https:\/\/api.w.org\/{rel}","templated":true}]}}