{"id":144,"date":"2019-10-28T02:20:49","date_gmt":"2019-10-28T02:20:49","guid":{"rendered":"https:\/\/inomezspa.cl\/?page_id=144"},"modified":"2025-08-19T15:08:06","modified_gmt":"2025-08-19T15:08:06","slug":"contacto","status":"publish","type":"page","link":"https:\/\/metaprojectgroup.com\/en\/contacto\/","title":{"rendered":"Contact"},"content":{"rendered":"<div class=\"wpb-content-wrapper\"><section style=\"\" class=\"vc_section vc_custom_1755616082563 vc_section-has-fill\"><div style=\"\" class=\"vc_row wpb_row vc_row-fluid\"><div class=\"row-inner\"><div class=\"wpb_column vc_column_container vc_col-sm-12\"><div class=\"vc_column-inner\"><div class=\"wpb_wrapper\"><div class=\"vc_empty_space\"   style=\"height: 40px\"><span class=\"vc_empty_space_inner\"><\/span><\/div><\/div><\/div><\/div><\/div><\/div><div style=\"\" class=\"vc_row wpb_row vc_row-fluid vc_custom_1748459841407 vc_row-o-content-middle vc_row-flex\"><div class=\"row-inner\"><div class=\"wpb_animate_when_almost_visible wpb_fadeInLeft fadeInLeft wpb_column vc_column_container vc_col-sm-6\"><div class=\"vc_column-inner\"><div class=\"wpb_wrapper\"><div style=\"font-size: 40px;color: #ffffff;line-height: 44px;text-align: left\" class=\"vc_custom_heading vc_do_custom_heading\" >Tell us about your project.<br \/>\nWe are excited to<br \/>\n<strong>work together.<\/strong><\/div><div class=\"vc_empty_space\"   style=\"height: 20px\"><span class=\"vc_empty_space_inner\"><\/span><\/div><\/div><\/div><\/div><div class=\"wpb_column vc_column_container vc_col-sm-1\"><div class=\"vc_column-inner\"><div class=\"wpb_wrapper\"><\/div><\/div><\/div><div class=\"wpb_animate_when_almost_visible wpb_fadeInRight fadeInRight wpb_column vc_column_container vc_col-sm-4\"><div class=\"vc_column-inner\"><div class=\"wpb_wrapper\">\n\t<div class=\"wpb_text_column wpb_content_element\" >\n\t\t<div class=\"wpb_wrapper\">\n\t\t\t<p><span style=\"color: #000000;\">We welcome your questions and comments and look forward to speaking with you. Please contact one of our offices listed below.<\/span><\/p>\n\n\t\t<\/div>\n\t<\/div>\n<div class=\"vc_empty_space\"   style=\"height: 25px\"><span class=\"vc_empty_space_inner\"><\/span><\/div><\/div><\/div><\/div><div class=\"wpb_column vc_column_container vc_col-sm-1\"><div class=\"vc_column-inner\"><div class=\"wpb_wrapper\"><\/div><\/div><\/div><\/div><\/div><div style=\"\" class=\"vc_row wpb_row vc_row-fluid vc_custom_1742076478044 vc_row-o-equal-height vc_row-flex\"><div class=\"row-inner\"><div class=\"wpb_column vc_column_container vc_col-sm-12 vc_col-lg-6 vc_col-md-12 vc_col-has-fill\"><div class=\"vc_column-inner vc_custom_1749484678653\"><div class=\"wpb_wrapper\">\n<div class=\"wpcf7 no-js\" id=\"wpcf7-f5-o1\" lang=\"en-US\" dir=\"ltr\" data-wpcf7-id=\"5\">\n<div class=\"screen-reader-response\"><p role=\"status\" aria-live=\"polite\" aria-atomic=\"true\"><\/p> <ul><\/ul><\/div>\n<form action=\"\/en\/wp-json\/wp\/v2\/pages\/144#wpcf7-f5-o1\" method=\"post\" class=\"wpcf7-form init\" aria-label=\"Contact form\" novalidate=\"novalidate\" data-status=\"init\" data-trp-original-action=\"\/en\/wp-json\/wp\/v2\/pages\/144#wpcf7-f5-o1\">\n<fieldset class=\"hidden-fields-container\"><input type=\"hidden\" name=\"_wpcf7\" value=\"5\" \/><input type=\"hidden\" name=\"_wpcf7_version\" value=\"6.1.5\" \/><input type=\"hidden\" name=\"_wpcf7_locale\" value=\"en_US\" \/><input type=\"hidden\" name=\"_wpcf7_unit_tag\" value=\"wpcf7-f5-o1\" \/><input type=\"hidden\" name=\"_wpcf7_container_post\" value=\"0\" \/><input type=\"hidden\" name=\"_wpcf7_posted_data_hash\" value=\"\" \/><input type=\"hidden\" name=\"_wpcf7cf_hidden_group_fields\" value=\"[]\" \/><input type=\"hidden\" name=\"_wpcf7cf_hidden_groups\" value=\"[]\" \/><input type=\"hidden\" name=\"_wpcf7cf_visible_groups\" value=\"[]\" \/><input type=\"hidden\" name=\"_wpcf7cf_repeaters\" value=\"[]\" \/><input type=\"hidden\" name=\"_wpcf7cf_steps\" value=\"{}\" \/><input type=\"hidden\" name=\"_wpcf7cf_options\" value=\"{&quot;form_id&quot;:5,&quot;conditions&quot;:[],&quot;settings&quot;:{&quot;animation&quot;:&quot;yes&quot;,&quot;animation_intime&quot;:200,&quot;animation_outtime&quot;:200,&quot;conditions_ui&quot;:&quot;normal&quot;,&quot;notice_dismissed&quot;:false}}\" \/>\n<\/fieldset>\n<div class=\"contact-light\">\n\t<h1 style=\"text-align: left; margin-bottom:10%;\">Formulario de contacto\n\t<\/h1>\n\t<div class=\"field line\">\n\t\t<p><label style=\"text-align: left;\">I want to be contacted<\/label><br \/>\n<span class=\"wpcf7-form-control-wrap\" data-name=\"contacto-393\"><select class=\"wpcf7-form-control wpcf7-select\" aria-invalid=\"false\" name=\"contacto-393\"><option value=\"A trav\u00e9s de Whatsapp\">A trav\u00e9s de Whatsapp<\/option><option value=\"A trav\u00e9s del n\u00famero telef\u00f3nico\">A trav\u00e9s del n\u00famero telef\u00f3nico<\/option><option value=\"A trav\u00e9s del correo electr\u00f3nico\">A trav\u00e9s del correo electr\u00f3nico<\/option><\/select><\/span>\n\t\t<\/p>\n\t<\/div>\n\t<div class=\"field line\">\n\t\t<p><label style=\"text-align: left;\">Mi inter\u00e9s es en<\/label><br \/>\n<span class=\"wpcf7-form-control-wrap\" data-name=\"interes-554\"><select class=\"wpcf7-form-control wpcf7-select\" aria-invalid=\"false\" name=\"interes-554\"><option value=\"Ingenier\u00eda Multidisciplinaria\">Multidisciplinary Engineering<\/option><option value=\"Inspecci\u00f3n t\u00e9cnica de Obras\">Inspecci\u00f3n t\u00e9cnica de Obras<\/option><option value=\"Servicios de abastecimiento\">Servicios de abastecimiento<\/option><option value=\"Servicios de apoyo a la construcci\u00f3n\">Servicios de apoyo a la construcci\u00f3n<\/option><option value=\"Servicios de apoyo transversal\">Servicios de apoyo transversal<\/option><option value=\"Consultor\u00eda Minera\">Mining Consulting<\/option><option value=\"Ser proveedor de Metaproject\">Ser proveedor de Metaproject<\/option><\/select><\/span>\n\t\t<\/p>\n\t<\/div>\n\t<div style=\"height: 20px\">\n\t<\/div>\n\t<div class=\"field grid\">\n\t\t<div class=\"field\">\n\t\t\t<p><label>* Email<\/label><br \/>\n<span class=\"wpcf7-form-control-wrap\" data-name=\"email-21\"><input size=\"40\" maxlength=\"400\" class=\"wpcf7-form-control wpcf7-email wpcf7-validates-as-required wpcf7-text wpcf7-validates-as-email\" aria-required=\"true\" aria-invalid=\"false\" placeholder=\"contacto@metaprojectgroup.com\" value=\"\" type=\"email\" name=\"email-21\" \/><\/span>\n\t\t\t<\/p>\n\t\t<\/div>\n\t\t<div class=\"field\">\n\t\t\t<p><label>* Number<\/label><br \/>\n<span class=\"wpcf7-form-control-wrap\" data-name=\"tel-869\"><input size=\"40\" maxlength=\"400\" class=\"wpcf7-form-control wpcf7-tel wpcf7-text wpcf7-validates-as-tel\" aria-invalid=\"false\" placeholder=\"Full number (+569 xxx xxx\" value=\"\" type=\"tel\" name=\"tel-869\" \/><\/span>\n\t\t\t<\/p>\n\t\t<\/div>\n\t<\/div>\n\t<div class=\"field line\">\n\t\t<p><span class=\"wpcf7-form-control-wrap\" data-name=\"textarea-377\"><textarea cols=\"40\" rows=\"10\" maxlength=\"2000\" class=\"wpcf7-form-control wpcf7-textarea wpcf7-validates-as-required\" aria-required=\"true\" aria-invalid=\"false\" placeholder=\"Escribir descripci\u00f3n de la solicitud...\" name=\"textarea-377\"><\/textarea><\/span>\n\t\t<\/p>\n\t<\/div>\n\t<div class=\"field grid\">\n\t\t<div class=\"field\">\n\t\t\t<p>[cf7sr-recaptcha]\n\t\t\t<\/p>\n\t\t<\/div>\n\t\t<div class=\"field\">\n\t\t\t<p><input class=\"wpcf7-form-control wpcf7-submit has-spinner\" type=\"submit\" value=\"Send message\" \/>\n\t\t\t<\/p>\n\t\t<\/div>\n\t<\/div>\n<\/div><div class=\"wpcf7-response-output\" aria-hidden=\"true\"><\/div>\n<input type=\"hidden\" name=\"trp-form-language\" value=\"en\"\/><\/form>\n<\/div>\n<\/div><\/div><\/div><div class=\"wpb_column vc_column_container vc_col-sm-6 vc_hidden-md vc_hidden-sm vc_hidden-xs vc_col-has-fill\"><div class=\"vc_column-inner vc_custom_1749485065688\"><div class=\"wpb_wrapper\"><\/div><\/div><\/div><\/div><\/div><div style=\"\" class=\"vc_row wpb_row vc_row-fluid\"><div class=\"row-inner\"><div class=\"wpb_column vc_column_container vc_col-sm-12\"><div class=\"vc_column-inner\"><div class=\"wpb_wrapper\"><div class=\"vc_empty_space\"   style=\"height: 40px\"><span class=\"vc_empty_space_inner\"><\/span><\/div><\/div><\/div><\/div><\/div><\/div><\/section><section style=\"\" id=\"locations\" class=\"vc_section\"><div style=\"\" data-vc-stretch-content=\"true\" class=\"vc_row wpb_row vc_row-fluid vc_row-no-padding\"><div class=\"row-inner\"><div class=\"wpb_animate_when_almost_visible wpb_fadeInLeft fadeInLeft wpb_column vc_column_container vc_col-sm-12\"><div class=\"vc_column-inner\"><div class=\"wpb_wrapper\">\n\t<div class=\"wpb_raw_code wpb_raw_html wpb_content_element\" >\n\t\t<div class=\"wpb_wrapper\">\n\t\t\t<iframe src=\"https:\/\/www.google.com\/maps\/embed?pb=!1m18!1m12!1m3!1d3329.9214007281084!2d-70.62292982350384!3d-33.42529347339944!2m3!1f0!2f0!3f0!3m2!1i1024!2i768!4f13.1!3m3!1m2!1s0x9662cf9d6b37b30f%3A0xd988b0f6fd7b562e!2sMetaproject!5e0!3m2!1ses!2scl!4v1747336854528!5m2!1ses!2scl\" style=\"width:100%; height:500px;\" allowfullscreen=\"\" loading=\"lazy\" referrerpolicy=\"no-referrer-when-downgrade\"><\/iframe>\n\n\t\t<\/div>\n\t<\/div>\n<\/div><\/div><\/div><\/div><\/div><div style=\"\" class=\"vc_row wpb_row vc_row-fluid\"><div class=\"row-inner\"><div class=\"wpb_column vc_column_container vc_col-sm-12\"><div class=\"vc_column-inner\"><div class=\"wpb_wrapper\"><div class=\"vc_empty_space\"   style=\"height: 40px\"><span class=\"vc_empty_space_inner\"><\/span><\/div><\/div><\/div><\/div><\/div><\/div><div style=\"\" class=\"vc_row wpb_row vc_row-fluid vc_custom_1748446289382 vc_row-o-content-middle vc_row-flex\"><div class=\"row-inner\"><div class=\"wpb_column vc_column_container vc_col-sm-6\"><div class=\"vc_column-inner\"><div class=\"wpb_wrapper\"><h2 style=\"font-size: 40px;line-height: 50px;text-align: left\" class=\"vc_custom_heading vc_do_custom_heading\" ><strong>National and International Presence:<\/strong> Our Offices<\/h2><div class=\"vc_empty_space\"   style=\"height: 20px\"><span class=\"vc_empty_space_inner\"><\/span><\/div><\/div><\/div><\/div><div class=\"wpb_column vc_column_container vc_col-sm-1\"><div class=\"vc_column-inner\"><div class=\"wpb_wrapper\"><\/div><\/div><\/div><div class=\"wpb_column vc_column_container vc_col-sm-4\"><div class=\"vc_column-inner\"><div class=\"wpb_wrapper\">\n\t<div class=\"wpb_text_column wpb_content_element\" >\n\t\t<div class=\"wpb_wrapper\">\n\t\t\t<p><span style=\"color: #7f7f7f;\">We have a strategic presence both inside and outside the country, which allows us to offer innovative solutions with global reach. Our offices integrate multidisciplinary teams committed to excellence, collaborating closely to bring state-of-the-art engineering to each project.<\/span><\/p>\n\n\t\t<\/div>\n\t<\/div>\n<div class=\"vc_empty_space\"   style=\"height: 25px\"><span class=\"vc_empty_space_inner\"><\/span><\/div><\/div><\/div><\/div><div class=\"wpb_column vc_column_container vc_col-sm-1\"><div class=\"vc_column-inner\"><div class=\"wpb_wrapper\"><\/div><\/div><\/div><\/div><\/div><div style=\"\" class=\"vc_row wpb_row vc_row-fluid vc_row-o-equal-height vc_row-o-content-top vc_row-flex\"><div class=\"row-inner\"><div class=\"wpb_animate_when_almost_visible wpb_fadeInUp fadeInUp wpb_column vc_column_container vc_col-sm-3\"><div class=\"vc_column-inner\"><div class=\"wpb_wrapper\">\n\t<div class=\"member    has-image\">\n\t\t\n\t\t<div class=\"member-image\">\n\t\t\t<img decoding=\"async\" src=\"https:\/\/metaprojectgroup.com\/wp-content\/uploads\/2025\/05\/contacto-metaproject-chile.jpg\" alt=\"Metaproject Chile\" \/>\n\t\t<\/div>\n\t\n\t\t<div class=\"member-info\">\n\t\t\t<div class=\"member-meta\">\n\t\t\t<h3 class=\"member-name\">Metaproject Chile<\/h3><div class=\"member-subtitle\">Providencia, Chile<\/div>\n\t\t\t\n\t\t\t<\/div>\n\t\t\t<div class=\"member-desc\">\n<dl>\n<dt>Address<\/dt>\n<dd>Dr. Carlos Charl\u00edn 1521, Providencia, Santiago de Chile<\/dd>\n<dt>Number<\/dt>\n<dd><a href=\"#\">+56 22 350 9900<\/a><\/dd>\n<dt><a href=\"#\">contacto@metaprojectgroup.com<\/a><\/dt>\n<\/dl>\n<\/div>\n\t\t<\/div>\n\t<\/div><div class=\"vc_empty_space\"   style=\"height: 15px\"><span class=\"vc_empty_space_inner\"><\/span><\/div><\/div><\/div><\/div><div class=\"wpb_animate_when_almost_visible wpb_fadeInUp fadeInUp wpb_column vc_column_container vc_col-sm-3\"><div class=\"vc_column-inner\"><div class=\"wpb_wrapper\">\n\t<div class=\"member    has-image\">\n\t\t\n\t\t<div class=\"member-image\">\n\t\t\t<img decoding=\"async\" src=\"https:\/\/metaprojectgroup.com\/wp-content\/uploads\/2025\/05\/contacto-metaproject-peru.jpg\" alt=\"Metaproject Per\u00fa\" \/>\n\t\t<\/div>\n\t\n\t\t<div class=\"member-info\">\n\t\t\t<div class=\"member-meta\">\n\t\t\t<h3 class=\"member-name\">Metaproject Per\u00fa<\/h3><div class=\"member-subtitle\">Per\u00fa, Chile<\/div>\n\t\t\t\n\t\t\t<\/div>\n\t\t\t<div class=\"member-desc\">\n<dl>\n<dt>Address<\/dt>\n<dd>Calle Alcanfores #142 Of 402, Miraflores, Lima, Per\u00fa.<\/dd>\n<dt>Number<\/dt>\n<dd><a href=\"#\">+051 2245465<\/a><\/dd>\n<\/dl>\n<\/div>\n\t\t<\/div>\n\t<\/div><div class=\"vc_empty_space\"   style=\"height: 15px\"><span class=\"vc_empty_space_inner\"><\/span><\/div><\/div><\/div><\/div><div class=\"wpb_animate_when_almost_visible wpb_fadeInUp fadeInUp wpb_column vc_column_container vc_col-sm-3\"><div class=\"vc_column-inner\"><div class=\"wpb_wrapper\">\n\t<div class=\"member    has-image\">\n\t\t\n\t\t<div class=\"member-image\">\n\t\t\t<img decoding=\"async\" src=\"https:\/\/metaprojectgroup.com\/wp-content\/uploads\/2025\/08\/contacto-filial-rancagua-metaproject.jpg\" alt=\"Filial Rancagua\" \/>\n\t\t<\/div>\n\t\n\t\t<div class=\"member-info\">\n\t\t\t<div class=\"member-meta\">\n\t\t\t<h3 class=\"member-name\">Rancagua Office<\/h3><div class=\"member-subtitle\">Rancagua, Chile<\/div>\n\t\t\t\n\t\t\t<\/div>\n\t\t\t<div class=\"member-desc\">\n<dl>\n<dt>Direccion<\/dt>\n<dd>Bueras 596 esquina Gamero<\/dd>\n<dt>Number<\/dt>\n<dd><a href=\"#\">+56 22 350 9900<\/a><\/dd>\n<\/dl>\n<\/div>\n\t\t<\/div>\n\t<\/div><div class=\"vc_empty_space\"   style=\"height: 15px\"><span class=\"vc_empty_space_inner\"><\/span><\/div><\/div><\/div><\/div><div class=\"wpb_animate_when_almost_visible wpb_fadeInUp fadeInUp wpb_column vc_column_container vc_col-sm-3\"><div class=\"vc_column-inner\"><div class=\"wpb_wrapper\">\n\t<div class=\"member    has-image\">\n\t\t\n\t\t<div class=\"member-image\">\n\t\t\t<img decoding=\"async\" src=\"https:\/\/metaprojectgroup.com\/wp-content\/uploads\/2025\/05\/contacto-filial-calama.jpg\" alt=\"Filial Calama\" \/>\n\t\t<\/div>\n\t\n\t\t<div class=\"member-info\">\n\t\t\t<div class=\"member-meta\">\n\t\t\t<h3 class=\"member-name\">Calama Office<\/h3><div class=\"member-subtitle\">Calama, Chile<\/div>\n\t\t\t\n\t\t\t<\/div>\n\t\t\t<div class=\"member-desc\">\n<dl>\n<dt>Address<\/dt>\n<dd>Dos Oriente 2599, Villa Ex\u00f3tica<\/dd>\n<dt>Number<\/dt>\n<dd><a href=\"#\">+56 22 350 9900<\/a><\/dd>\n<\/dl>\n<\/div>\n\t\t<\/div>\n\t<\/div><div class=\"vc_empty_space\"   style=\"height: 15px\"><span class=\"vc_empty_space_inner\"><\/span><\/div><\/div><\/div><\/div><\/div><\/div><\/section><div style=\"\" class=\"vc_row wpb_row vc_row-fluid\"><div class=\"row-inner\"><div class=\"wpb_column vc_column_container vc_col-sm-12 vc_hidden-lg vc_hidden-md vc_hidden-sm vc_hidden-xs\"><div class=\"vc_column-inner\"><div class=\"wpb_wrapper\"><div class=\"vc_btn3-container vc_btn3-inline vc_do_btn\" ><a class=\"vc_general vc_btn3 vc_btn3-size-md vc_btn3-shape-rounded vc_btn3-style-outline vc_btn3-icon-left vc_btn3-color-inverse\" href=\"https:\/\/www.trabajando.cl\/trabajos-meta-project-97633\" title=\"trabaja en Metaproject Group\" target=\"_blank\" rel=\"noopener\"><i class=\"vc_btn3-icon fas fa-briefcase\"><\/i> Trabaja con nosotros<\/a><\/div><\/div><\/div><\/div><\/div><\/div><div style=\"\" class=\"vc_row wpb_row vc_row-fluid\"><div class=\"row-inner\"><div class=\"wpb_column vc_column_container vc_col-sm-12 vc_hidden-lg vc_hidden-md vc_hidden-sm vc_hidden-xs\"><div class=\"vc_column-inner\"><div class=\"wpb_wrapper\">\n\t<div class=\"wpb_raw_code wpb_raw_html wpb_content_element\" >\n\t\t<div class=\"wpb_wrapper\">\n\t\t\t<div class=\"elementor-widget-container\">\n  <div id=\"data-container\">\n    <p><b>INDICADORES FINANCIEROS<\/b><\/p>\n    <ul>\n      <li><b>D\u00f3lar:<\/b> <span style=\"color:#e42921;\">$930,67<\/span><\/li>\n      <li><b>Euro:<\/b> <span style=\"color:#e42921;\">$1.091,06<\/span><\/li>\n      <li><b>UF:<\/b> <span style=\"color:#e42921;\">$39.259,23<\/span><\/li>\n      <li><b>Copper:<\/b> <span style=\"color:#e42921;\">4,45 (c\/lb)<\/span><\/li>\n      <li><b>Gold:<\/b> <span style=\"color:#e42921;\">3.333,78 (US\/ozt)<\/span><\/li>\n      <li><b>Iron:<\/b> <span style=\"color:#e42921;\">$266,44<\/span><\/li>\n      <li><b>TCR:<\/b> <span style=\"color:#e42921;\">$103,19<\/span><\/li>\n      <li><b>Mining:<\/b> <span style=\"color:#e42921;\">$82.142,92<\/span><\/li>\n    <\/ul>\n  <\/div>\n\n  <script>\n   const jsonUrl = \"https:\/\/www.metaprojectgroup.com\/proxy.php\";\n\n    const language = document.documentElement.lang === 'en' ? 'en' : 'es';\n\n    async function fetchAndDisplayData() {\n      try {\n        const response = await fetch(jsonUrl);\n        if (!response.ok) throw new Error(`Network error: ${response.statusText}`);\n        const data = await response.json();\n        if (!data || (!data.indicator_es && !data.indicator_en)) {\n          throw new Error(\"Datos no v\u00e1lidos.\");\n        }\n        const html = generateHTML(data, language);\n        document.getElementById('data-container').innerHTML = html;\n      } catch (error) {\n        console.error('Error al cargar los datos:', error);\n        document.getElementById('data-container').innerHTML = '<p>Error al cargar datos.<\/p>';\n      }\n    }\n\n    function generateHTML(data, lang) {\n      let html = '<b>Indicadores financieros<\/b><ul>';\n      const indicators = lang === 'es' ? data.indicator_es : data.indicator_en;\n      for (const [key, value] of Object.entries(indicators)) {\n        html += `<li><b>${key}:<\/b> <span style=\"color:#e42921;\">${value}<\/span><\/li>`;\n      }\n      html += \"<\/ul>\";\n      return html;\n    }\n\n    fetchAndDisplayData();\n  <\/script>\n<\/div>\n\n\t\t<\/div>\n\t<\/div>\n<\/div><\/div><\/div><\/div><\/div>\n<\/div>","protected":false},"excerpt":{"rendered":"Cu\u00e9ntanos sobre tu proyecto. Estamos emocionados de trabajar juntos. Agradecemos sus preguntas y comentarios, y esperamos poder hablar con usted. Comun\u00edquese con una de nuestras oficinas que aparecen a continuaci\u00f3n. Formulario de contacto Quiero que me contacten A trav\u00e9s de WhatsappA trav\u00e9s del n\u00famero telef\u00f3nicoA trav\u00e9s del correo electr\u00f3nico Mi inter\u00e9s es en Ingenier\u00eda MultidisciplinariaInspecci\u00f3n [...]","protected":false},"author":1,"featured_media":0,"parent":0,"menu_order":0,"comment_status":"closed","ping_status":"closed","template":"tmpl\/template-fullwidth.php","meta":{"_acf_changed":false,"inline_featured_image":false,"_joinchat":[],"footnotes":""},"class_list":["post-144","page","type-page","status-publish","hentry"],"acf":[],"_links":{"self":[{"href":"https:\/\/metaprojectgroup.com\/en\/wp-json\/wp\/v2\/pages\/144","targetHints":{"allow":["GET"]}}],"collection":[{"href":"https:\/\/metaprojectgroup.com\/en\/wp-json\/wp\/v2\/pages"}],"about":[{"href":"https:\/\/metaprojectgroup.com\/en\/wp-json\/wp\/v2\/types\/page"}],"author":[{"embeddable":true,"href":"https:\/\/metaprojectgroup.com\/en\/wp-json\/wp\/v2\/users\/1"}],"replies":[{"embeddable":true,"href":"https:\/\/metaprojectgroup.com\/en\/wp-json\/wp\/v2\/comments?post=144"}],"version-history":[{"count":131,"href":"https:\/\/metaprojectgroup.com\/en\/wp-json\/wp\/v2\/pages\/144\/revisions"}],"predecessor-version":[{"id":4245,"href":"https:\/\/metaprojectgroup.com\/en\/wp-json\/wp\/v2\/pages\/144\/revisions\/4245"}],"wp:attachment":[{"href":"https:\/\/metaprojectgroup.com\/en\/wp-json\/wp\/v2\/media?parent=144"}],"curies":[{"name":"wp","href":"https:\/\/api.w.org\/{rel}","templated":true}]}}